{"id":1513,"date":"2016-04-11T18:31:04","date_gmt":"2016-04-11T18:31:04","guid":{"rendered":"http:\/\/www.conero.it\/aaa-pagine-sistemare\/iti-prodotti-della-terra-nella-riviera-del-coneroen\/"},"modified":"2016-06-21T14:01:30","modified_gmt":"2016-06-21T14:01:30","slug":"prodotti-della-terra-nella-riviera-del-conero","status":"publish","type":"page","link":"http:\/\/dev.conero.it\/it\/itinerari\/prodotti-della-terra-nella-riviera-del-conero\/","title":{"rendered":"I prodotti della terra nella Riviera del Conero"},"content":{"rendered":"<p>Vite, olivo, in misura minore cereali, leguminose, piante aromatiche e officinali rappresentano l\u2019agricoltura nel parco.<\/p>\n<p>Miele millefiori<br \/>\nSi ottiene dalla trasformazione da parte delle api del nettare raccolto su moltissime specie botaniche che ne caratterizzano il prodotto finale, ovvero con qualit\u00e0 organolettiche (sensazioni olfatto-gustativi e aspetto visivo) particolari: colore che varia da chiaro a beige scuro-nocciola e a volte con tonalit\u00e0 gialle pi\u00f9 o meno intense (in relazione alla concentrazione di nettare di girasole); odore e aroma di media intensit\u00e0, vegetale-fruttato, e\/o di paglia, e\/o di tipo floreale-frutta.<\/p>\n<p>Olio<br \/>\nGli oli extravergine d\u2019oliva prodotti nell\u2019area del parco \u2013 in limitata quantit\u00e0, spesso dagli stessi produttori vitivinicoli \u2013 beneficiano delle particolari condizioni pedoclimatiche, vale a dire brezze marine e montagna a ridosso. Le coltivazioni di Frantoio, Leccino, Moraiolo sono quelle pi\u00f9 presenti e le caratteristiche organolettiche prevalenti sono, generalmente, quelle di un fruttato tra il leggero e il medio, con possibili desinenze dolci.<\/p>\n<p>Lavanda<br \/>\nColtivata per la produzione di essenze e profumi, viene realizzata solo da pochi anni in questa zona, ma \u00e8 gi\u00e0 di grande successo ed esempio per le altre zone montane caratterizzate dal clima mediterraneo.<\/p>\n","protected":false},"excerpt":{"rendered":"<p>Vite, olivo, in misura minore cereali, leguminose, piante aromatiche e officinali rappresentano l\u2019agricoltura nel parco.<\/p>\n","protected":false},"author":1,"featured_media":0,"parent":619,"menu_order":0,"comment_status":"closed","ping_status":"closed","template":"","meta":[],"yoast_head":"<!-- This site is optimized with the Yoast SEO plugin v20.3 - https:\/\/yoast.com\/wordpress\/plugins\/seo\/ -->\n<title>I prodotti della terra nella Riviera del Conero - Conero.it<\/title>\n<meta name=\"description\" content=\"{:it}Vite, olivo, in misura minore cereali, leguminose, piante aromatiche e officinali rappresentano l\u2019agricoltura nel parco.{:}\" \/>\n<meta name=\"robots\" content=\"index, follow, max-snippet:-1, max-image-preview:large, max-video-preview:-1\" \/>\n<link rel=\"canonical\" href=\"http:\/\/dev.conero.it\/it\/itinerari\/prodotti-della-terra-nella-riviera-del-conero\/\" \/>\n<meta property=\"og:locale\" content=\"it_IT\" \/>\n<meta property=\"og:type\" content=\"article\" \/>\n<meta property=\"og:title\" content=\"I prodotti della terra nella Riviera del Conero - Conero.it\" \/>\n<meta property=\"og:description\" content=\"{:it}Vite, olivo, in misura minore cereali, leguminose, piante aromatiche e officinali rappresentano l\u2019agricoltura nel parco.{:}\" \/>\n<meta property=\"og:url\" content=\"http:\/\/dev.conero.it\/it\/itinerari\/prodotti-della-terra-nella-riviera-del-conero\/\" \/>\n<meta property=\"og:site_name\" content=\"Conero.it\" \/>\n<meta property=\"article:modified_time\" content=\"2016-06-21T14:01:30+00:00\" \/>\n<script type=\"application\/ld+json\" class=\"yoast-schema-graph\">{\"@context\":\"https:\/\/schema.org\",\"@graph\":[{\"@type\":\"WebPage\",\"@id\":\"http:\/\/dev.conero.it\/it\/itinerari\/prodotti-della-terra-nella-riviera-del-conero\/\",\"url\":\"http:\/\/dev.conero.it\/it\/itinerari\/prodotti-della-terra-nella-riviera-del-conero\/\",\"name\":\"I prodotti della terra nella Riviera del Conero - Conero.it\",\"isPartOf\":{\"@id\":\"http:\/\/dev.conero.it\/it\/#website\"},\"datePublished\":\"2016-04-11T18:31:04+00:00\",\"dateModified\":\"2016-06-21T14:01:30+00:00\",\"description\":\"{:it}Vite, olivo, in misura minore cereali, leguminose, piante aromatiche e officinali rappresentano l\u2019agricoltura nel parco.{:}\",\"breadcrumb\":{\"@id\":\"http:\/\/dev.conero.it\/it\/itinerari\/prodotti-della-terra-nella-riviera-del-conero\/#breadcrumb\"},\"inLanguage\":\"it-IT\",\"potentialAction\":[{\"@type\":\"ReadAction\",\"target\":[\"http:\/\/dev.conero.it\/it\/itinerari\/prodotti-della-terra-nella-riviera-del-conero\/\"]}]},{\"@type\":\"BreadcrumbList\",\"@id\":\"http:\/\/dev.conero.it\/it\/itinerari\/prodotti-della-terra-nella-riviera-del-conero\/#breadcrumb\",\"itemListElement\":[{\"@type\":\"ListItem\",\"position\":1,\"name\":\"Home\",\"item\":\"http:\/\/dev.conero.it\/it\/\"},{\"@type\":\"ListItem\",\"position\":2,\"name\":\"Itinerari\",\"item\":\"http:\/\/dev.conero.it\/it\/itinerari\/\"},{\"@type\":\"ListItem\",\"position\":3,\"name\":\"I prodotti della terra nella Riviera del Conero\"}]},{\"@type\":\"WebSite\",\"@id\":\"http:\/\/dev.conero.it\/it\/#website\",\"url\":\"http:\/\/dev.conero.it\/it\/\",\"name\":\"Conero.it\",\"description\":\"Informazioni e servizi turistici per la riviera del Conero: Sirolo, Numana, Portonovo, Marcelli, Ancona - Conero.it\",\"potentialAction\":[{\"@type\":\"SearchAction\",\"target\":{\"@type\":\"EntryPoint\",\"urlTemplate\":\"http:\/\/dev.conero.it\/it\/?s={search_term_string}\"},\"query-input\":\"required name=search_term_string\"}],\"inLanguage\":\"it-IT\"}]}<\/script>\n<!-- \/ Yoast SEO plugin. -->","yoast_head_json":{"title":"I prodotti della terra nella Riviera del Conero - Conero.it","description":"{:it}Vite, olivo, in misura minore cereali, leguminose, piante aromatiche e officinali rappresentano l\u2019agricoltura nel parco.{:}","robots":{"index":"index","follow":"follow","max-snippet":"max-snippet:-1","max-image-preview":"max-image-preview:large","max-video-preview":"max-video-preview:-1"},"canonical":"http:\/\/dev.conero.it\/it\/itinerari\/prodotti-della-terra-nella-riviera-del-conero\/","og_locale":"it_IT","og_type":"article","og_title":"I prodotti della terra nella Riviera del Conero - Conero.it","og_description":"{:it}Vite, olivo, in misura minore cereali, leguminose, piante aromatiche e officinali rappresentano l\u2019agricoltura nel parco.{:}","og_url":"http:\/\/dev.conero.it\/it\/itinerari\/prodotti-della-terra-nella-riviera-del-conero\/","og_site_name":"Conero.it","article_modified_time":"2016-06-21T14:01:30+00:00","schema":{"@context":"https:\/\/schema.org","@graph":[{"@type":"WebPage","@id":"http:\/\/dev.conero.it\/it\/itinerari\/prodotti-della-terra-nella-riviera-del-conero\/","url":"http:\/\/dev.conero.it\/it\/itinerari\/prodotti-della-terra-nella-riviera-del-conero\/","name":"I prodotti della terra nella Riviera del Conero - Conero.it","isPartOf":{"@id":"http:\/\/dev.conero.it\/it\/#website"},"datePublished":"2016-04-11T18:31:04+00:00","dateModified":"2016-06-21T14:01:30+00:00","description":"{:it}Vite, olivo, in misura minore cereali, leguminose, piante aromatiche e officinali rappresentano l\u2019agricoltura nel parco.{:}","breadcrumb":{"@id":"http:\/\/dev.conero.it\/it\/itinerari\/prodotti-della-terra-nella-riviera-del-conero\/#breadcrumb"},"inLanguage":"it-IT","potentialAction":[{"@type":"ReadAction","target":["http:\/\/dev.conero.it\/it\/itinerari\/prodotti-della-terra-nella-riviera-del-conero\/"]}]},{"@type":"BreadcrumbList","@id":"http:\/\/dev.conero.it\/it\/itinerari\/prodotti-della-terra-nella-riviera-del-conero\/#breadcrumb","itemListElement":[{"@type":"ListItem","position":1,"name":"Home","item":"http:\/\/dev.conero.it\/it\/"},{"@type":"ListItem","position":2,"name":"Itinerari","item":"http:\/\/dev.conero.it\/it\/itinerari\/"},{"@type":"ListItem","position":3,"name":"I prodotti della terra nella Riviera del Conero"}]},{"@type":"WebSite","@id":"http:\/\/dev.conero.it\/it\/#website","url":"http:\/\/dev.conero.it\/it\/","name":"Conero.it","description":"Informazioni e servizi turistici per la riviera del Conero: Sirolo, Numana, Portonovo, Marcelli, Ancona - Conero.it","potentialAction":[{"@type":"SearchAction","target":{"@type":"EntryPoint","urlTemplate":"http:\/\/dev.conero.it\/it\/?s={search_term_string}"},"query-input":"required name=search_term_string"}],"inLanguage":"it-IT"}]}},"_links":{"self":[{"href":"http:\/\/dev.conero.it\/it\/wp-json\/wp\/v2\/pages\/1513"}],"collection":[{"href":"http:\/\/dev.conero.it\/it\/wp-json\/wp\/v2\/pages"}],"about":[{"href":"http:\/\/dev.conero.it\/it\/wp-json\/wp\/v2\/types\/page"}],"author":[{"embeddable":true,"href":"http:\/\/dev.conero.it\/it\/wp-json\/wp\/v2\/users\/1"}],"replies":[{"embeddable":true,"href":"http:\/\/dev.conero.it\/it\/wp-json\/wp\/v2\/comments?post=1513"}],"version-history":[{"count":0,"href":"http:\/\/dev.conero.it\/it\/wp-json\/wp\/v2\/pages\/1513\/revisions"}],"up":[{"embeddable":true,"href":"http:\/\/dev.conero.it\/it\/wp-json\/wp\/v2\/pages\/619"}],"wp:attachment":[{"href":"http:\/\/dev.conero.it\/it\/wp-json\/wp\/v2\/media?parent=1513"}],"curies":[{"name":"wp","href":"https:\/\/api.w.org\/{rel}","templated":true}]}}