{"id":1504,"date":"2016-04-11T18:31:04","date_gmt":"2016-04-11T18:31:04","guid":{"rendered":"http:\/\/www.conero.it\/aaa-pagine-sistemare\/itchiesa-di-san-nicoloenchurch-of-saint-nicholas\/"},"modified":"2016-06-28T10:39:28","modified_gmt":"2016-06-28T10:39:28","slug":"church-of-saint-nicholas","status":"publish","type":"page","link":"http:\/\/dev.conero.it\/it\/itinerari\/church-of-saint-nicholas\/","title":{"rendered":"Chiesa di San Nicol\u00f2"},"content":{"rendered":"<p>La costruzione, risalente al 1732, fu eretta dal vescovo Arnolfo, sotto il pontificato di Alessandro IV. La chiesa &egrave; dedicata a San Nicola di Bari, il vescovo di Myra, citt&agrave; della Licia, in Asia Minore, famoso in tutto il mondo per i suoi miracoli.<br \/>\nRealizzata utilizzando in parte la vecchia chiesa del 1230, la chiesa &egrave; di stile neoclassico.<br \/>\nLa pianta &egrave; a croce latina con pilastri e capitelli di tipo corinzio.<br \/>\nLa sovrasta un imponente campanile e una cupola a cuspide.<br \/>\nNella pala centrale compare il Santo Protettore con la Vergine seduta sul tetto della Santa Casa di Loreto. Interessanti sono inoltre un crocifisso ligneo del &#39;500 di autori ignoti, una tela del Maratta e un antico organo del 1723.<br \/>\nIl 9 maggio, nelle numerose chiese intitolate a San Nicola, si celebra la sua festa: la stesso giorno del 1087 infatti, le spoglie del Patrono dei naviganti furono trasportate a Bari, dove il santo predisse che avrebbe avuto la propria sepoltura.<\/p>\n","protected":false},"excerpt":{"rendered":"<p>La chiesa \u00e8 di stile neoclassico. La costruzione risale al 1732. La pianta \u00e8 a croce latina con pilastri e capitelli di tipo corinzio.<\/p>\n","protected":false},"author":1,"featured_media":0,"parent":619,"menu_order":0,"comment_status":"closed","ping_status":"closed","template":"","meta":[],"yoast_head":"<!-- This site is optimized with the Yoast SEO plugin v20.3 - https:\/\/yoast.com\/wordpress\/plugins\/seo\/ -->\n<title>Chiesa di San Nicol\u00f2 - Conero.it<\/title>\n<meta name=\"description\" content=\"{:it}La chiesa \u00e8 di stile neoclassico. La costruzione risale al 1732. La pianta \u00e8 a croce latina con pilastri e capitelli di tipo corinzio.{:en}The church dates back 18th century and is in neo-classical style. It is devoted to a S. Nicol\u00f2, a saint worship all over the world. {:}\" \/>\n<meta name=\"robots\" content=\"index, follow, max-snippet:-1, max-image-preview:large, max-video-preview:-1\" \/>\n<link rel=\"canonical\" href=\"http:\/\/dev.conero.it\/it\/itinerari\/church-of-saint-nicholas\/\" \/>\n<meta property=\"og:locale\" content=\"it_IT\" \/>\n<meta property=\"og:type\" content=\"article\" \/>\n<meta property=\"og:title\" content=\"Chiesa di San Nicol\u00f2 - Conero.it\" \/>\n<meta property=\"og:description\" content=\"{:it}La chiesa \u00e8 di stile neoclassico. La costruzione risale al 1732. La pianta \u00e8 a croce latina con pilastri e capitelli di tipo corinzio.{:en}The church dates back 18th century and is in neo-classical style. It is devoted to a S. Nicol\u00f2, a saint worship all over the world. {:}\" \/>\n<meta property=\"og:url\" content=\"http:\/\/dev.conero.it\/it\/itinerari\/church-of-saint-nicholas\/\" \/>\n<meta property=\"og:site_name\" content=\"Conero.it\" \/>\n<meta property=\"article:modified_time\" content=\"2016-06-28T10:39:28+00:00\" \/>\n<script type=\"application\/ld+json\" class=\"yoast-schema-graph\">{\"@context\":\"https:\/\/schema.org\",\"@graph\":[{\"@type\":\"WebPage\",\"@id\":\"http:\/\/dev.conero.it\/it\/itinerari\/church-of-saint-nicholas\/\",\"url\":\"http:\/\/dev.conero.it\/it\/itinerari\/church-of-saint-nicholas\/\",\"name\":\"Chiesa di San Nicol\u00f2 - Conero.it\",\"isPartOf\":{\"@id\":\"http:\/\/dev.conero.it\/it\/#website\"},\"datePublished\":\"2016-04-11T18:31:04+00:00\",\"dateModified\":\"2016-06-28T10:39:28+00:00\",\"description\":\"{:it}La chiesa \u00e8 di stile neoclassico. La costruzione risale al 1732. La pianta \u00e8 a croce latina con pilastri e capitelli di tipo corinzio.{:en}The church dates back 18th century and is in neo-classical style. It is devoted to a S. Nicol\u00f2, a saint worship all over the world. {:}\",\"breadcrumb\":{\"@id\":\"http:\/\/dev.conero.it\/it\/itinerari\/church-of-saint-nicholas\/#breadcrumb\"},\"inLanguage\":\"it-IT\",\"potentialAction\":[{\"@type\":\"ReadAction\",\"target\":[\"http:\/\/dev.conero.it\/it\/itinerari\/church-of-saint-nicholas\/\"]}]},{\"@type\":\"BreadcrumbList\",\"@id\":\"http:\/\/dev.conero.it\/it\/itinerari\/church-of-saint-nicholas\/#breadcrumb\",\"itemListElement\":[{\"@type\":\"ListItem\",\"position\":1,\"name\":\"Home\",\"item\":\"http:\/\/dev.conero.it\/it\/\"},{\"@type\":\"ListItem\",\"position\":2,\"name\":\"Itinerari\",\"item\":\"http:\/\/dev.conero.it\/it\/itinerari\/\"},{\"@type\":\"ListItem\",\"position\":3,\"name\":\"Chiesa di San Nicol\u00f2\"}]},{\"@type\":\"WebSite\",\"@id\":\"http:\/\/dev.conero.it\/it\/#website\",\"url\":\"http:\/\/dev.conero.it\/it\/\",\"name\":\"Conero.it\",\"description\":\"Informazioni e servizi turistici per la riviera del Conero: Sirolo, Numana, Portonovo, Marcelli, Ancona - Conero.it\",\"potentialAction\":[{\"@type\":\"SearchAction\",\"target\":{\"@type\":\"EntryPoint\",\"urlTemplate\":\"http:\/\/dev.conero.it\/it\/?s={search_term_string}\"},\"query-input\":\"required name=search_term_string\"}],\"inLanguage\":\"it-IT\"}]}<\/script>\n<!-- \/ Yoast SEO plugin. -->","yoast_head_json":{"title":"Chiesa di San Nicol\u00f2 - Conero.it","description":"{:it}La chiesa \u00e8 di stile neoclassico. La costruzione risale al 1732. La pianta \u00e8 a croce latina con pilastri e capitelli di tipo corinzio.{:en}The church dates back 18th century and is in neo-classical style. It is devoted to a S. Nicol\u00f2, a saint worship all over the world. {:}","robots":{"index":"index","follow":"follow","max-snippet":"max-snippet:-1","max-image-preview":"max-image-preview:large","max-video-preview":"max-video-preview:-1"},"canonical":"http:\/\/dev.conero.it\/it\/itinerari\/church-of-saint-nicholas\/","og_locale":"it_IT","og_type":"article","og_title":"Chiesa di San Nicol\u00f2 - Conero.it","og_description":"{:it}La chiesa \u00e8 di stile neoclassico. La costruzione risale al 1732. La pianta \u00e8 a croce latina con pilastri e capitelli di tipo corinzio.{:en}The church dates back 18th century and is in neo-classical style. It is devoted to a S. Nicol\u00f2, a saint worship all over the world. {:}","og_url":"http:\/\/dev.conero.it\/it\/itinerari\/church-of-saint-nicholas\/","og_site_name":"Conero.it","article_modified_time":"2016-06-28T10:39:28+00:00","schema":{"@context":"https:\/\/schema.org","@graph":[{"@type":"WebPage","@id":"http:\/\/dev.conero.it\/it\/itinerari\/church-of-saint-nicholas\/","url":"http:\/\/dev.conero.it\/it\/itinerari\/church-of-saint-nicholas\/","name":"Chiesa di San Nicol\u00f2 - Conero.it","isPartOf":{"@id":"http:\/\/dev.conero.it\/it\/#website"},"datePublished":"2016-04-11T18:31:04+00:00","dateModified":"2016-06-28T10:39:28+00:00","description":"{:it}La chiesa \u00e8 di stile neoclassico. La costruzione risale al 1732. La pianta \u00e8 a croce latina con pilastri e capitelli di tipo corinzio.{:en}The church dates back 18th century and is in neo-classical style. It is devoted to a S. Nicol\u00f2, a saint worship all over the world. {:}","breadcrumb":{"@id":"http:\/\/dev.conero.it\/it\/itinerari\/church-of-saint-nicholas\/#breadcrumb"},"inLanguage":"it-IT","potentialAction":[{"@type":"ReadAction","target":["http:\/\/dev.conero.it\/it\/itinerari\/church-of-saint-nicholas\/"]}]},{"@type":"BreadcrumbList","@id":"http:\/\/dev.conero.it\/it\/itinerari\/church-of-saint-nicholas\/#breadcrumb","itemListElement":[{"@type":"ListItem","position":1,"name":"Home","item":"http:\/\/dev.conero.it\/it\/"},{"@type":"ListItem","position":2,"name":"Itinerari","item":"http:\/\/dev.conero.it\/it\/itinerari\/"},{"@type":"ListItem","position":3,"name":"Chiesa di San Nicol\u00f2"}]},{"@type":"WebSite","@id":"http:\/\/dev.conero.it\/it\/#website","url":"http:\/\/dev.conero.it\/it\/","name":"Conero.it","description":"Informazioni e servizi turistici per la riviera del Conero: Sirolo, Numana, Portonovo, Marcelli, Ancona - Conero.it","potentialAction":[{"@type":"SearchAction","target":{"@type":"EntryPoint","urlTemplate":"http:\/\/dev.conero.it\/it\/?s={search_term_string}"},"query-input":"required name=search_term_string"}],"inLanguage":"it-IT"}]}},"_links":{"self":[{"href":"http:\/\/dev.conero.it\/it\/wp-json\/wp\/v2\/pages\/1504"}],"collection":[{"href":"http:\/\/dev.conero.it\/it\/wp-json\/wp\/v2\/pages"}],"about":[{"href":"http:\/\/dev.conero.it\/it\/wp-json\/wp\/v2\/types\/page"}],"author":[{"embeddable":true,"href":"http:\/\/dev.conero.it\/it\/wp-json\/wp\/v2\/users\/1"}],"replies":[{"embeddable":true,"href":"http:\/\/dev.conero.it\/it\/wp-json\/wp\/v2\/comments?post=1504"}],"version-history":[{"count":0,"href":"http:\/\/dev.conero.it\/it\/wp-json\/wp\/v2\/pages\/1504\/revisions"}],"up":[{"embeddable":true,"href":"http:\/\/dev.conero.it\/it\/wp-json\/wp\/v2\/pages\/619"}],"wp:attachment":[{"href":"http:\/\/dev.conero.it\/it\/wp-json\/wp\/v2\/media?parent=1504"}],"curies":[{"name":"wp","href":"https:\/\/api.w.org\/{rel}","templated":true}]}}