{"id":1485,"date":"2016-04-11T18:31:03","date_gmt":"2016-04-11T18:31:03","guid":{"rendered":"http:\/\/www.conero.it\/aaa-pagine-sistemare\/ittermini-e-condizionien\/"},"modified":"2016-05-13T21:19:49","modified_gmt":"2016-05-13T21:19:49","slug":"ittermini-e-condizionien","status":"publish","type":"page","link":"http:\/\/dev.conero.it\/it\/ittermini-e-condizionien\/","title":{"rendered":"Termini e Condizioni"},"content":{"rendered":"<p><strong>Art 1<\/strong><br \/>\nConero.it \u00e8 un portale turistico dedicato alla promozione della Riviera del Conero e dei territori limitrofi, che pubblicizza principalmente strutture ricettive e attivit\u00e0 commerciali locali.<br \/>\nE\u2019 un sito indipendente, non collegato n\u00e9 sponsorizzato da pubbliche amministrazioni, associazioni di categoria o altri enti di carattere pubblico.<\/p>\n<p><strong>Art 2<\/strong><br \/>\nConero.it si limita ad ospitare inserzioni pubblicitarie delle strutture ricettive, non opera alcuna mediazione e non conosce la disponibilit\u00e0 delle singole strutture.<br \/>\nPer richieste di informazioni, disponibilit\u00e0 e prezzi, \u00e8 necessario rivolgersi direttamente alle singole strutture ai recapiti indicati.<br \/>\nE\u2019 possibile raggiungere le schede delle varie strutture dal menu di sinistra presente in tutte le pagine del sito.<\/p>\n<p><strong>Art 3<\/strong><br \/>\nConero.it non risponde dell\u2019attendibilit\u00e0 o della veridicit\u00e0 delle inserzioni pubblicate. Testi, immagini e file multimediali (video o audio) sono forniti direttamente dai clienti inserzionisti e vengono pubblicati dietro loro richiesta e con il loro consenso.<br \/>\nConero.it non ha modo di operare dei controlli diretti sulla veridicit\u00e0 di quanto indicato nelle inserzioni e non pu\u00f2 essere ritenuto responsabile di informazioni che risultino non veritiere, parziali o non pi\u00f9 aggiornate.<\/p>\n<p><strong>Art 4<\/strong><br \/>\nConero.it non \u00e8 in grado di stabilire a priori se i contenuti (testi, immagini o file multimediali) forniti dai clienti inserzionisti siano o meno coperti da copyright, pertanto non pu\u00f2 essere considerato responsabile in caso di uso improprio o non autorizzato di contenuti coperti da diritto d\u2019autore.<br \/>\nAllo stesso modo, la societ\u00e0 non si assume alcuna responsabilit\u00e0 per l\u2019utilizzo di marchi o slogan utilizzati dagli inserzionisti.<\/p>\n<p><strong>Art 5<\/strong><br \/>\nLo staff di Conero.it \u00e8 costantemente al lavoro per mantenere il pi\u00f9 possibile aggiornati i contenuti del portale (testi e immagini). Nonostante questo \u00e8 possibile che nel sito siano presenti informazioni non pi\u00f9 attendibili o aggiornate.<br \/>\nPer segnalare errori, correzioni, aggiornamenti di recapiti e altre informazioni \u00e8 possibile scrivere all\u2019indirizzo info@conero.it<\/p>\n<p><strong>Art 6<\/strong><br \/>\nConero.it viene aggiornato senza alcuna periodicit\u00e0, pertanto non pu\u00f2 essere considerato una testata giornalistica, ai sensi della legge nr. 62 del 7 marzo 2001.<\/p>\n<p><strong>Art 7<\/strong><br \/>\nConero.it non \u00e8 collegato ai siti segnalati e non \u00e8 responsabile del loro contenuto. I link esterni vengono indicati solo perch\u00e9 pertinenti alle informazioni fornite e in quanto occasione di approfondimento al di fuori del portale stesso.<\/p>\n<p><strong>Art 8<\/strong><br \/>\nConero.it \u00e8 un prodotto Fastmedia srl &#8211; Ancona.<\/p>\n","protected":false},"excerpt":{"rendered":"<p>Art 1 Conero.it \u00e8 un portale turistico dedicato alla promozione della Riviera del Conero e dei territori limitrofi, che pubblicizza principalmente strutture ricettive e attivit\u00e0 commerciali locali. E\u2019 un sito indipendente, non collegato n\u00e9 sponsorizzato da pubbliche amministrazioni, associazioni di categoria o altri enti di carattere pubblico. Art 2 Conero.it si limita ad ospitare inserzioni [&hellip;]<\/p>\n","protected":false},"author":1,"featured_media":0,"parent":0,"menu_order":0,"comment_status":"closed","ping_status":"closed","template":"","meta":[],"yoast_head":"<!-- This site is optimized with the Yoast SEO plugin v20.3 - https:\/\/yoast.com\/wordpress\/plugins\/seo\/ -->\n<title>Termini e Condizioni - Conero.it<\/title>\n<meta name=\"description\" content=\"Art 1 Conero.it \u00e8 un portale turistico dedicato alla promozione della Riviera del Conero e dei territori limitrofi, che pubblicizza principalmente\" \/>\n<meta name=\"robots\" content=\"index, follow, max-snippet:-1, max-image-preview:large, max-video-preview:-1\" \/>\n<link rel=\"canonical\" href=\"http:\/\/dev.conero.it\/it\/ittermini-e-condizionien\/\" \/>\n<meta property=\"og:locale\" content=\"it_IT\" \/>\n<meta property=\"og:type\" content=\"article\" \/>\n<meta property=\"og:title\" content=\"Termini e Condizioni - Conero.it\" \/>\n<meta property=\"og:description\" content=\"Art 1 Conero.it \u00e8 un portale turistico dedicato alla promozione della Riviera del Conero e dei territori limitrofi, che pubblicizza principalmente\" \/>\n<meta property=\"og:url\" content=\"http:\/\/dev.conero.it\/it\/ittermini-e-condizionien\/\" \/>\n<meta property=\"og:site_name\" content=\"Conero.it\" \/>\n<meta property=\"article:modified_time\" content=\"2016-05-13T21:19:49+00:00\" \/>\n<script type=\"application\/ld+json\" class=\"yoast-schema-graph\">{\"@context\":\"https:\/\/schema.org\",\"@graph\":[{\"@type\":\"WebPage\",\"@id\":\"http:\/\/dev.conero.it\/it\/ittermini-e-condizionien\/\",\"url\":\"http:\/\/dev.conero.it\/it\/ittermini-e-condizionien\/\",\"name\":\"Termini e Condizioni - Conero.it\",\"isPartOf\":{\"@id\":\"http:\/\/dev.conero.it\/it\/#website\"},\"datePublished\":\"2016-04-11T18:31:03+00:00\",\"dateModified\":\"2016-05-13T21:19:49+00:00\",\"description\":\"Art 1 Conero.it \u00e8 un portale turistico dedicato alla promozione della Riviera del Conero e dei territori limitrofi, che pubblicizza principalmente\",\"breadcrumb\":{\"@id\":\"http:\/\/dev.conero.it\/it\/ittermini-e-condizionien\/#breadcrumb\"},\"inLanguage\":\"it-IT\",\"potentialAction\":[{\"@type\":\"ReadAction\",\"target\":[\"http:\/\/dev.conero.it\/it\/ittermini-e-condizionien\/\"]}]},{\"@type\":\"BreadcrumbList\",\"@id\":\"http:\/\/dev.conero.it\/it\/ittermini-e-condizionien\/#breadcrumb\",\"itemListElement\":[{\"@type\":\"ListItem\",\"position\":1,\"name\":\"Home\",\"item\":\"http:\/\/dev.conero.it\/it\/\"},{\"@type\":\"ListItem\",\"position\":2,\"name\":\"Termini e Condizioni\"}]},{\"@type\":\"WebSite\",\"@id\":\"http:\/\/dev.conero.it\/it\/#website\",\"url\":\"http:\/\/dev.conero.it\/it\/\",\"name\":\"Conero.it\",\"description\":\"Informazioni e servizi turistici per la riviera del Conero: Sirolo, Numana, Portonovo, Marcelli, Ancona - Conero.it\",\"potentialAction\":[{\"@type\":\"SearchAction\",\"target\":{\"@type\":\"EntryPoint\",\"urlTemplate\":\"http:\/\/dev.conero.it\/it\/?s={search_term_string}\"},\"query-input\":\"required name=search_term_string\"}],\"inLanguage\":\"it-IT\"}]}<\/script>\n<!-- \/ Yoast SEO plugin. -->","yoast_head_json":{"title":"Termini e Condizioni - Conero.it","description":"Art 1 Conero.it \u00e8 un portale turistico dedicato alla promozione della Riviera del Conero e dei territori limitrofi, che pubblicizza principalmente","robots":{"index":"index","follow":"follow","max-snippet":"max-snippet:-1","max-image-preview":"max-image-preview:large","max-video-preview":"max-video-preview:-1"},"canonical":"http:\/\/dev.conero.it\/it\/ittermini-e-condizionien\/","og_locale":"it_IT","og_type":"article","og_title":"Termini e Condizioni - Conero.it","og_description":"Art 1 Conero.it \u00e8 un portale turistico dedicato alla promozione della Riviera del Conero e dei territori limitrofi, che pubblicizza principalmente","og_url":"http:\/\/dev.conero.it\/it\/ittermini-e-condizionien\/","og_site_name":"Conero.it","article_modified_time":"2016-05-13T21:19:49+00:00","schema":{"@context":"https:\/\/schema.org","@graph":[{"@type":"WebPage","@id":"http:\/\/dev.conero.it\/it\/ittermini-e-condizionien\/","url":"http:\/\/dev.conero.it\/it\/ittermini-e-condizionien\/","name":"Termini e Condizioni - Conero.it","isPartOf":{"@id":"http:\/\/dev.conero.it\/it\/#website"},"datePublished":"2016-04-11T18:31:03+00:00","dateModified":"2016-05-13T21:19:49+00:00","description":"Art 1 Conero.it \u00e8 un portale turistico dedicato alla promozione della Riviera del Conero e dei territori limitrofi, che pubblicizza principalmente","breadcrumb":{"@id":"http:\/\/dev.conero.it\/it\/ittermini-e-condizionien\/#breadcrumb"},"inLanguage":"it-IT","potentialAction":[{"@type":"ReadAction","target":["http:\/\/dev.conero.it\/it\/ittermini-e-condizionien\/"]}]},{"@type":"BreadcrumbList","@id":"http:\/\/dev.conero.it\/it\/ittermini-e-condizionien\/#breadcrumb","itemListElement":[{"@type":"ListItem","position":1,"name":"Home","item":"http:\/\/dev.conero.it\/it\/"},{"@type":"ListItem","position":2,"name":"Termini e Condizioni"}]},{"@type":"WebSite","@id":"http:\/\/dev.conero.it\/it\/#website","url":"http:\/\/dev.conero.it\/it\/","name":"Conero.it","description":"Informazioni e servizi turistici per la riviera del Conero: Sirolo, Numana, Portonovo, Marcelli, Ancona - Conero.it","potentialAction":[{"@type":"SearchAction","target":{"@type":"EntryPoint","urlTemplate":"http:\/\/dev.conero.it\/it\/?s={search_term_string}"},"query-input":"required name=search_term_string"}],"inLanguage":"it-IT"}]}},"_links":{"self":[{"href":"http:\/\/dev.conero.it\/it\/wp-json\/wp\/v2\/pages\/1485"}],"collection":[{"href":"http:\/\/dev.conero.it\/it\/wp-json\/wp\/v2\/pages"}],"about":[{"href":"http:\/\/dev.conero.it\/it\/wp-json\/wp\/v2\/types\/page"}],"author":[{"embeddable":true,"href":"http:\/\/dev.conero.it\/it\/wp-json\/wp\/v2\/users\/1"}],"replies":[{"embeddable":true,"href":"http:\/\/dev.conero.it\/it\/wp-json\/wp\/v2\/comments?post=1485"}],"version-history":[{"count":0,"href":"http:\/\/dev.conero.it\/it\/wp-json\/wp\/v2\/pages\/1485\/revisions"}],"wp:attachment":[{"href":"http:\/\/dev.conero.it\/it\/wp-json\/wp\/v2\/media?parent=1485"}],"curies":[{"name":"wp","href":"https:\/\/api.w.org\/{rel}","templated":true}]}}