{"id":1482,"date":"2016-04-11T18:31:03","date_gmt":"2016-04-11T18:31:03","guid":{"rendered":"http:\/\/www.conero.it\/aaa-pagine-sistemare\/itcameranoencamerano\/"},"modified":"2016-10-18T16:18:48","modified_gmt":"2016-10-18T16:18:48","slug":"camerano","status":"publish","type":"page","link":"http:\/\/dev.conero.it\/it\/itinerari\/camerano\/","title":{"rendered":"Camerano"},"content":{"rendered":"<h2>Camerano<\/h2>\n<p>Tempo di visita: 2 ore.<br \/>\nDistanza dalla riviera: da 10 a 18 Km.<br \/>\nIL PAESE ATTORNO AL CAMPANILE<br \/>\nImmersa nella natura del Parco del Conero, Camerano \u00e8 celebre per le sue grotte, che nascondono nel sottosuolo un&#8217;altra suggestiva &#8220;citt\u00e0&#8221;.<\/p>\n<h2>COME ARRIVARE<\/h2>\n<p>Provenendo da Sirolo e Numana si rimane sempre all&#8217;interno del Parco del Conero: basta prendere la strada provinciale 2, per poi salire &#8211; dopo circa quattro chilometri &#8211; sulla destra, proseguendo lungo la strada provinciale Cameranense (numero 7) per altri quattro chilometri. Da Portonovo \u00e8 conveniente seguire la Provinciale del Conero per poi immettersi nuovamente sulla SP2 di cui sopra, mentre da Porto Recanati costeggiare il mare verso nord fino a Sirolo e poi proseguire secondo le predette indicazioni.<\/p>\n<h2>COSA VISITARE<\/h2>\n<p>Camerano \u00e8 la patria del celebre pittore Carlo Maratti: a lui \u00e8 dedicato un busto nella centrale piazza Roma, dalla quale comincia proprio il nostro itinerario. Sulla Piazza si affacciano il Teatro tardo ottocentesco e il palazzo Manciforte, con lo splendido parco. Dalla piazza per via S. Apollinare o via S. Francesco si sale in breve a S. Francesco, bella chiesa preceduta da una doppia scalinata, aperta solo in particolari periodi dell&#8217;anno.<\/p>\n<p>Tornati a piazza Roma, si scende lungo la via Maratta, dove si incontrano rispettivamente l&#8217;ufficio turistico, la chiesa di S. Faustina (che conserva una tela di scuola marattiana e un medaglione della figlia del celebre pittore), e poco oltre la Parrocchiale, con opere moderne di ceramica e una tela giovanile del Maratta.<br \/>\nUna nota particolare va al tessuto sotterraneo della citt\u00e0: nel sottosuolo del centro storico infatti si dipana una intricata rete di grotte visitabili, tanto che gli abitanti di Camerano sono soliti dire &#8220;ce n&#8217;e&#8217; piu&#8217; sotto che sopra&#8221;.<\/p>\n<h2>I DINTORNI<\/h2>\n<p>A circa un chilometro dalla chiesa Parrocchiale \u00e8 situata la suggestiva chiesa di S. Germano: la strada si presta ad una lunga e tonificante passeggiata, ma prendendo la macchina \u00e8 possibile poi preseguire in direzione Ancona, raggiungendo la gradina e i suoi cunicoli: \u00e8 una spianata, forse sito di un antico villaggio, nel cui sottosuolo si dipana una intricata rete di cunicoli (il pi\u00f9 famoso dei quali \u00e8 il Buco del Diavolo, sul quale si narrano numerose leggende) un tempo complesso sistema idraulico.<\/p>\n<h2>EVENTI: FESTA DEL ROSSO CONERO<\/h2>\n<p>Il primo week end di settembre, venerdi, sabato e domenica, tutta Camerano e dintorni brinda con Rosso Conero: l&#8217;ideale connubio tra la classica festa che esalta l\u2019uva e il vino e un incontro divertente di generazioni legato a spettacoli, tipicit\u00e0 e buona cucina.<\/p>\n<h2>Natura e Turismo<\/h2>\n<p>Guida turistica e naturalistica Franca Silvia Di Cicco<br \/>\nTel. +39.0717216120, Cell. 339.1313603, E-mail: silviafdicicco@virgilio.it<\/p>\n","protected":false},"excerpt":{"rendered":"<p>Immersa nella natura del Parco del Conero, Camerano \u00e8 celebre per le sue grotte, che nascondono nel sottosuolo un&#8217;altra suggestiva &#8220;citt\u00e0&#8221;.<\/p>\n","protected":false},"author":1,"featured_media":0,"parent":619,"menu_order":0,"comment_status":"closed","ping_status":"closed","template":"page-localita.php","meta":[],"yoast_head":"<!-- This site is optimized with the Yoast SEO plugin v20.3 - https:\/\/yoast.com\/wordpress\/plugins\/seo\/ -->\n<title>Camerano - Conero.it<\/title>\n<meta name=\"description\" content=\"{:en}Deep inside the nature of the Parco del Conero, Camerano is famous for its caves, hiding underground another completely new &quot;city&quot;.{:}\" \/>\n<meta name=\"robots\" content=\"index, follow, max-snippet:-1, max-image-preview:large, max-video-preview:-1\" \/>\n<link rel=\"canonical\" href=\"http:\/\/dev.conero.it\/it\/itinerari\/camerano\/\" \/>\n<meta property=\"og:locale\" content=\"it_IT\" \/>\n<meta property=\"og:type\" content=\"article\" \/>\n<meta property=\"og:title\" content=\"Camerano - Conero.it\" \/>\n<meta property=\"og:description\" content=\"{:en}Deep inside the nature of the Parco del Conero, Camerano is famous for its caves, hiding underground another completely new &quot;city&quot;.{:}\" \/>\n<meta property=\"og:url\" content=\"http:\/\/dev.conero.it\/it\/itinerari\/camerano\/\" \/>\n<meta property=\"og:site_name\" content=\"Conero.it\" \/>\n<meta property=\"article:modified_time\" content=\"2016-10-18T16:18:48+00:00\" \/>\n<script type=\"application\/ld+json\" class=\"yoast-schema-graph\">{\"@context\":\"https:\/\/schema.org\",\"@graph\":[{\"@type\":\"WebPage\",\"@id\":\"http:\/\/dev.conero.it\/it\/itinerari\/camerano\/\",\"url\":\"http:\/\/dev.conero.it\/it\/itinerari\/camerano\/\",\"name\":\"Camerano - Conero.it\",\"isPartOf\":{\"@id\":\"http:\/\/dev.conero.it\/it\/#website\"},\"datePublished\":\"2016-04-11T18:31:03+00:00\",\"dateModified\":\"2016-10-18T16:18:48+00:00\",\"description\":\"{:en}Deep inside the nature of the Parco del Conero, Camerano is famous for its caves, hiding underground another completely new \\\"city\\\".{:}\",\"breadcrumb\":{\"@id\":\"http:\/\/dev.conero.it\/it\/itinerari\/camerano\/#breadcrumb\"},\"inLanguage\":\"it-IT\",\"potentialAction\":[{\"@type\":\"ReadAction\",\"target\":[\"http:\/\/dev.conero.it\/it\/itinerari\/camerano\/\"]}]},{\"@type\":\"BreadcrumbList\",\"@id\":\"http:\/\/dev.conero.it\/it\/itinerari\/camerano\/#breadcrumb\",\"itemListElement\":[{\"@type\":\"ListItem\",\"position\":1,\"name\":\"Home\",\"item\":\"http:\/\/dev.conero.it\/it\/\"},{\"@type\":\"ListItem\",\"position\":2,\"name\":\"Itinerari\",\"item\":\"http:\/\/dev.conero.it\/it\/itinerari\/\"},{\"@type\":\"ListItem\",\"position\":3,\"name\":\"Camerano\"}]},{\"@type\":\"WebSite\",\"@id\":\"http:\/\/dev.conero.it\/it\/#website\",\"url\":\"http:\/\/dev.conero.it\/it\/\",\"name\":\"Conero.it\",\"description\":\"Informazioni e servizi turistici per la riviera del Conero: Sirolo, Numana, Portonovo, Marcelli, Ancona - Conero.it\",\"potentialAction\":[{\"@type\":\"SearchAction\",\"target\":{\"@type\":\"EntryPoint\",\"urlTemplate\":\"http:\/\/dev.conero.it\/it\/?s={search_term_string}\"},\"query-input\":\"required name=search_term_string\"}],\"inLanguage\":\"it-IT\"}]}<\/script>\n<!-- \/ Yoast SEO plugin. -->","yoast_head_json":{"title":"Camerano - Conero.it","description":"{:en}Deep inside the nature of the Parco del Conero, Camerano is famous for its caves, hiding underground another completely new \"city\".{:}","robots":{"index":"index","follow":"follow","max-snippet":"max-snippet:-1","max-image-preview":"max-image-preview:large","max-video-preview":"max-video-preview:-1"},"canonical":"http:\/\/dev.conero.it\/it\/itinerari\/camerano\/","og_locale":"it_IT","og_type":"article","og_title":"Camerano - Conero.it","og_description":"{:en}Deep inside the nature of the Parco del Conero, Camerano is famous for its caves, hiding underground another completely new \"city\".{:}","og_url":"http:\/\/dev.conero.it\/it\/itinerari\/camerano\/","og_site_name":"Conero.it","article_modified_time":"2016-10-18T16:18:48+00:00","schema":{"@context":"https:\/\/schema.org","@graph":[{"@type":"WebPage","@id":"http:\/\/dev.conero.it\/it\/itinerari\/camerano\/","url":"http:\/\/dev.conero.it\/it\/itinerari\/camerano\/","name":"Camerano - Conero.it","isPartOf":{"@id":"http:\/\/dev.conero.it\/it\/#website"},"datePublished":"2016-04-11T18:31:03+00:00","dateModified":"2016-10-18T16:18:48+00:00","description":"{:en}Deep inside the nature of the Parco del Conero, Camerano is famous for its caves, hiding underground another completely new \"city\".{:}","breadcrumb":{"@id":"http:\/\/dev.conero.it\/it\/itinerari\/camerano\/#breadcrumb"},"inLanguage":"it-IT","potentialAction":[{"@type":"ReadAction","target":["http:\/\/dev.conero.it\/it\/itinerari\/camerano\/"]}]},{"@type":"BreadcrumbList","@id":"http:\/\/dev.conero.it\/it\/itinerari\/camerano\/#breadcrumb","itemListElement":[{"@type":"ListItem","position":1,"name":"Home","item":"http:\/\/dev.conero.it\/it\/"},{"@type":"ListItem","position":2,"name":"Itinerari","item":"http:\/\/dev.conero.it\/it\/itinerari\/"},{"@type":"ListItem","position":3,"name":"Camerano"}]},{"@type":"WebSite","@id":"http:\/\/dev.conero.it\/it\/#website","url":"http:\/\/dev.conero.it\/it\/","name":"Conero.it","description":"Informazioni e servizi turistici per la riviera del Conero: Sirolo, Numana, Portonovo, Marcelli, Ancona - Conero.it","potentialAction":[{"@type":"SearchAction","target":{"@type":"EntryPoint","urlTemplate":"http:\/\/dev.conero.it\/it\/?s={search_term_string}"},"query-input":"required name=search_term_string"}],"inLanguage":"it-IT"}]}},"_links":{"self":[{"href":"http:\/\/dev.conero.it\/it\/wp-json\/wp\/v2\/pages\/1482"}],"collection":[{"href":"http:\/\/dev.conero.it\/it\/wp-json\/wp\/v2\/pages"}],"about":[{"href":"http:\/\/dev.conero.it\/it\/wp-json\/wp\/v2\/types\/page"}],"author":[{"embeddable":true,"href":"http:\/\/dev.conero.it\/it\/wp-json\/wp\/v2\/users\/1"}],"replies":[{"embeddable":true,"href":"http:\/\/dev.conero.it\/it\/wp-json\/wp\/v2\/comments?post=1482"}],"version-history":[{"count":0,"href":"http:\/\/dev.conero.it\/it\/wp-json\/wp\/v2\/pages\/1482\/revisions"}],"up":[{"embeddable":true,"href":"http:\/\/dev.conero.it\/it\/wp-json\/wp\/v2\/pages\/619"}],"wp:attachment":[{"href":"http:\/\/dev.conero.it\/it\/wp-json\/wp\/v2\/media?parent=1482"}],"curies":[{"name":"wp","href":"https:\/\/api.w.org\/{rel}","templated":true}]}}