{"id":1473,"date":"2016-04-11T18:31:03","date_gmt":"2016-04-11T18:31:03","guid":{"rendered":"http:\/\/www.conero.it\/aaa-pagine-sistemare\/itla-costarella-numanaenthe-costarellas-alley\/"},"modified":"2016-06-28T10:59:43","modified_gmt":"2016-06-28T10:59:43","slug":"the-costarellas-alley","status":"publish","type":"page","link":"http:\/\/dev.conero.it\/it\/itinerari\/the-costarellas-alley\/","title":{"rendered":"La Costarella Numana"},"content":{"rendered":"<p>La costarella \u00e8 l&#8217;antico vicolo da cui i pescatori scendevano verso il mare: in silenzio, all&#8217;alba con la povera colazione e gli attrezzi. Simbolo della citt\u00e0, la scalinata rispecchia l&#8217;antica e in parte recente identit\u00e0 di Numana: villaggio cha avuto nella pesca la sua risorsa economica basilare.<\/p>\n<p>La costarella d&#8217;estate<br \/>\nGran parte delle vecchie case che fiancheggiano la scalinata sono state recentemente ristrutturate. D&#8217;estate, in luglio e agosto, il caratteristico vicolo si trasforma nel palcoscenico naturale per la mostra pittorica &#8220;Arte sotto le stelle&#8221;: un appuntamento con gli autori marchigiani contemporanei che si rinnova da anni con successo.<\/p>\n","protected":false},"excerpt":{"rendered":"<p>La &#8220;costarella&#8221; \u00e8 l&#8217;antico vicolo da cui i pescatori scendevano verso il mare. La scalinata \u00e8 uno dei simboli della citt\u00e0<\/p>\n","protected":false},"author":1,"featured_media":0,"parent":619,"menu_order":0,"comment_status":"closed","ping_status":"closed","template":"","meta":[],"yoast_head":"<!-- This site is optimized with the Yoast SEO plugin v20.3 - https:\/\/yoast.com\/wordpress\/plugins\/seo\/ -->\n<title>La Costarella Numana - Conero.it<\/title>\n<meta name=\"description\" content=\"{:it}La &quot;costarella&quot; \u00e8 l&#039;antico vicolo da cui i pescatori scendevano verso il mare. La scalinata \u00e8 uno dei simboli della citt\u00e0{:en}The Costarella is an historical alley in the center of Numana. {:}\" \/>\n<meta name=\"robots\" content=\"index, follow, max-snippet:-1, max-image-preview:large, max-video-preview:-1\" \/>\n<link rel=\"canonical\" href=\"http:\/\/dev.conero.it\/it\/itinerari\/the-costarellas-alley\/\" \/>\n<meta property=\"og:locale\" content=\"it_IT\" \/>\n<meta property=\"og:type\" content=\"article\" \/>\n<meta property=\"og:title\" content=\"La Costarella Numana - Conero.it\" \/>\n<meta property=\"og:description\" content=\"{:it}La &quot;costarella&quot; \u00e8 l&#039;antico vicolo da cui i pescatori scendevano verso il mare. La scalinata \u00e8 uno dei simboli della citt\u00e0{:en}The Costarella is an historical alley in the center of Numana. {:}\" \/>\n<meta property=\"og:url\" content=\"http:\/\/dev.conero.it\/it\/itinerari\/the-costarellas-alley\/\" \/>\n<meta property=\"og:site_name\" content=\"Conero.it\" \/>\n<meta property=\"article:modified_time\" content=\"2016-06-28T10:59:43+00:00\" \/>\n<script type=\"application\/ld+json\" class=\"yoast-schema-graph\">{\"@context\":\"https:\/\/schema.org\",\"@graph\":[{\"@type\":\"WebPage\",\"@id\":\"http:\/\/dev.conero.it\/it\/itinerari\/the-costarellas-alley\/\",\"url\":\"http:\/\/dev.conero.it\/it\/itinerari\/the-costarellas-alley\/\",\"name\":\"La Costarella Numana - Conero.it\",\"isPartOf\":{\"@id\":\"http:\/\/dev.conero.it\/it\/#website\"},\"datePublished\":\"2016-04-11T18:31:03+00:00\",\"dateModified\":\"2016-06-28T10:59:43+00:00\",\"description\":\"{:it}La \\\"costarella\\\" \u00e8 l'antico vicolo da cui i pescatori scendevano verso il mare. La scalinata \u00e8 uno dei simboli della citt\u00e0{:en}The Costarella is an historical alley in the center of Numana. {:}\",\"breadcrumb\":{\"@id\":\"http:\/\/dev.conero.it\/it\/itinerari\/the-costarellas-alley\/#breadcrumb\"},\"inLanguage\":\"it-IT\",\"potentialAction\":[{\"@type\":\"ReadAction\",\"target\":[\"http:\/\/dev.conero.it\/it\/itinerari\/the-costarellas-alley\/\"]}]},{\"@type\":\"BreadcrumbList\",\"@id\":\"http:\/\/dev.conero.it\/it\/itinerari\/the-costarellas-alley\/#breadcrumb\",\"itemListElement\":[{\"@type\":\"ListItem\",\"position\":1,\"name\":\"Home\",\"item\":\"http:\/\/dev.conero.it\/it\/\"},{\"@type\":\"ListItem\",\"position\":2,\"name\":\"Itinerari\",\"item\":\"http:\/\/dev.conero.it\/it\/itinerari\/\"},{\"@type\":\"ListItem\",\"position\":3,\"name\":\"La Costarella Numana\"}]},{\"@type\":\"WebSite\",\"@id\":\"http:\/\/dev.conero.it\/it\/#website\",\"url\":\"http:\/\/dev.conero.it\/it\/\",\"name\":\"Conero.it\",\"description\":\"Informazioni e servizi turistici per la riviera del Conero: Sirolo, Numana, Portonovo, Marcelli, Ancona - Conero.it\",\"potentialAction\":[{\"@type\":\"SearchAction\",\"target\":{\"@type\":\"EntryPoint\",\"urlTemplate\":\"http:\/\/dev.conero.it\/it\/?s={search_term_string}\"},\"query-input\":\"required name=search_term_string\"}],\"inLanguage\":\"it-IT\"}]}<\/script>\n<!-- \/ Yoast SEO plugin. -->","yoast_head_json":{"title":"La Costarella Numana - Conero.it","description":"{:it}La \"costarella\" \u00e8 l'antico vicolo da cui i pescatori scendevano verso il mare. La scalinata \u00e8 uno dei simboli della citt\u00e0{:en}The Costarella is an historical alley in the center of Numana. {:}","robots":{"index":"index","follow":"follow","max-snippet":"max-snippet:-1","max-image-preview":"max-image-preview:large","max-video-preview":"max-video-preview:-1"},"canonical":"http:\/\/dev.conero.it\/it\/itinerari\/the-costarellas-alley\/","og_locale":"it_IT","og_type":"article","og_title":"La Costarella Numana - Conero.it","og_description":"{:it}La \"costarella\" \u00e8 l'antico vicolo da cui i pescatori scendevano verso il mare. La scalinata \u00e8 uno dei simboli della citt\u00e0{:en}The Costarella is an historical alley in the center of Numana. {:}","og_url":"http:\/\/dev.conero.it\/it\/itinerari\/the-costarellas-alley\/","og_site_name":"Conero.it","article_modified_time":"2016-06-28T10:59:43+00:00","schema":{"@context":"https:\/\/schema.org","@graph":[{"@type":"WebPage","@id":"http:\/\/dev.conero.it\/it\/itinerari\/the-costarellas-alley\/","url":"http:\/\/dev.conero.it\/it\/itinerari\/the-costarellas-alley\/","name":"La Costarella Numana - Conero.it","isPartOf":{"@id":"http:\/\/dev.conero.it\/it\/#website"},"datePublished":"2016-04-11T18:31:03+00:00","dateModified":"2016-06-28T10:59:43+00:00","description":"{:it}La \"costarella\" \u00e8 l'antico vicolo da cui i pescatori scendevano verso il mare. La scalinata \u00e8 uno dei simboli della citt\u00e0{:en}The Costarella is an historical alley in the center of Numana. {:}","breadcrumb":{"@id":"http:\/\/dev.conero.it\/it\/itinerari\/the-costarellas-alley\/#breadcrumb"},"inLanguage":"it-IT","potentialAction":[{"@type":"ReadAction","target":["http:\/\/dev.conero.it\/it\/itinerari\/the-costarellas-alley\/"]}]},{"@type":"BreadcrumbList","@id":"http:\/\/dev.conero.it\/it\/itinerari\/the-costarellas-alley\/#breadcrumb","itemListElement":[{"@type":"ListItem","position":1,"name":"Home","item":"http:\/\/dev.conero.it\/it\/"},{"@type":"ListItem","position":2,"name":"Itinerari","item":"http:\/\/dev.conero.it\/it\/itinerari\/"},{"@type":"ListItem","position":3,"name":"La Costarella Numana"}]},{"@type":"WebSite","@id":"http:\/\/dev.conero.it\/it\/#website","url":"http:\/\/dev.conero.it\/it\/","name":"Conero.it","description":"Informazioni e servizi turistici per la riviera del Conero: Sirolo, Numana, Portonovo, Marcelli, Ancona - Conero.it","potentialAction":[{"@type":"SearchAction","target":{"@type":"EntryPoint","urlTemplate":"http:\/\/dev.conero.it\/it\/?s={search_term_string}"},"query-input":"required name=search_term_string"}],"inLanguage":"it-IT"}]}},"_links":{"self":[{"href":"http:\/\/dev.conero.it\/it\/wp-json\/wp\/v2\/pages\/1473"}],"collection":[{"href":"http:\/\/dev.conero.it\/it\/wp-json\/wp\/v2\/pages"}],"about":[{"href":"http:\/\/dev.conero.it\/it\/wp-json\/wp\/v2\/types\/page"}],"author":[{"embeddable":true,"href":"http:\/\/dev.conero.it\/it\/wp-json\/wp\/v2\/users\/1"}],"replies":[{"embeddable":true,"href":"http:\/\/dev.conero.it\/it\/wp-json\/wp\/v2\/comments?post=1473"}],"version-history":[{"count":0,"href":"http:\/\/dev.conero.it\/it\/wp-json\/wp\/v2\/pages\/1473\/revisions"}],"up":[{"embeddable":true,"href":"http:\/\/dev.conero.it\/it\/wp-json\/wp\/v2\/pages\/619"}],"wp:attachment":[{"href":"http:\/\/dev.conero.it\/it\/wp-json\/wp\/v2\/media?parent=1473"}],"curies":[{"name":"wp","href":"https:\/\/api.w.org\/{rel}","templated":true}]}}