{"id":1453,"date":"2016-04-11T18:31:02","date_gmt":"2016-04-11T18:31:02","guid":{"rendered":"http:\/\/www.conero.it\/aaa-pagine-sistemare\/itla-strada-del-vinoen\/"},"modified":"2023-01-17T15:26:09","modified_gmt":"2023-01-17T15:26:09","slug":"la-strada-del-vino","status":"publish","type":"page","link":"http:\/\/dev.conero.it\/it\/itinerari\/la-strada-del-vino\/","title":{"rendered":"La strada del vino"},"content":{"rendered":"\n<p><\/p>\n\n\n<div class=\"wp-block-image\">\n<figure class=\"alignleft\"><img decoding=\"async\" loading=\"lazy\" width=\"465\" height=\"349\" src=\"http:\/\/www.conero.it\/assets\/uploads\/2016\/04\/Vigna-Scheda-2-1.jpg\" alt=\"vigna-scheda-2\" class=\"wp-image-3208\"\/><\/figure><\/div>\n\n\n<p>Lungo tutta la costa adriatica, il Conero, verde promontorio a picco sul mare, rappresenta una vera perla anche per gli appassionati di turismo enogastronomico.<br><span style=\"font-weight: 400;\">Infatti, oltre alle meraviglie naturali, artistiche e culturali di cui si pu\u00f2 godere durante una gita attraverso i paesi che via via si susseguono nell\u2019arco di pochi chilometri, non ultima \u00e8 la possibilit\u00e0 di gustare ottimi piatti accompagnati da vini locali di grande qualit\u00e0.<\/span><\/p>\n\n\n\n<p><span style=\"font-weight: 400;\">La vitivinicoltura in questo lembo magico di costa marchigiana \u00e8, dopo il turismo, l\u2019attivit\u00e0 economica di gran lunga prevalente. Il parco del Conero potrebbe tranquillamente essere definito un \u201cparco-vigneto\u201d:<\/span><\/p>\n\n\n\n<p><span style=\"font-weight: 400;\">Un microclima continuamente ravvivato dalle brezze marine e un terreno calcareo di grande struttura, permettono al vitigno <strong>Montepulciano <\/strong>di esprimere nel<strong> Rosso Conero una tipicit\u00e0 impossibile altrove.<\/strong><\/span><\/p>\n\n\n\n<h2>Il Rosso Conero<\/h2>\n\n\n<div class=\"wp-block-image\">\n<figure class=\"alignleft\"><img decoding=\"async\" loading=\"lazy\" width=\"465\" height=\"349\" src=\"http:\/\/www.conero.it\/assets\/uploads\/2016\/04\/Foto-Vigna-Scheda-4.jpg\" alt=\"foto-vigna-scheda-4\" class=\"wp-image-3201\"\/><\/figure><\/div>\n\n\n<p>Il Rosso Conero\u00a0Doc \u00e8\u00a0un vino\u00a0fruttato ed elegante che gode della denominazione di origine controllata dal 1967.<br>Nel 2004, la versione<strong> &#8220;Riserva&#8221; del Rosso Conero DOC<\/strong> ha cambiato denominazione, passando cos\u00ec alla pi\u00f9 restrittiva legislazione delle <strong>DOCG<\/strong>\u00a0(Denominazioni di Origine Controllata e Garantita).<br><strong>Il Rosso Conero Riserva DOCG<\/strong>, \u00e8 dunque la versione pi\u00f9 pregiata, perch\u00e9 qualitativamente superiore del Rosso Conero DOC ed \u00e8 ottenuta da uve coltivate esclusivamente sulle dorsali del monte Conero.<\/p>\n\n\n\n<p>Abbinamenti consigliati: sughi e pietanze a base di carne rossa, arrosti, selvaggina, salumi marchigiani, pecorino di fossa, ecc..<br><span style=\"text-decoration: underline;\"><strong>Visita la pagina: <span style=\"color: #008000; text-decoration: underline;\"><a href=\"http:\/\/www.conero.it\/it\/vacanze\/aziende-vinicole\/\">Aziende Vinicole<\/a><\/span><\/strong><\/span><\/p>\n\n\n\n<h2>Vini DOCG Marche<\/h2>\n\n\n<div class=\"wp-block-image\">\n<figure class=\"alignleft\"><img decoding=\"async\" loading=\"lazy\" width=\"465\" height=\"349\" src=\"http:\/\/www.conero.it\/assets\/uploads\/2016\/04\/Foto-Vigna-Scheda-1-1.jpg\" alt=\"foto-vigna-scheda-1\" class=\"wp-image-3203\"\/><\/figure><\/div>\n\n\n<ul>\n<li>Castelli di Jesi Verdicchio Riserva DOCG dal 2010\u00a0(Ancona, Macerata)<\/li>\n\n\n\n<li>Conero DOCG &nbsp;dal 2004 &nbsp;(Ancona )<\/li>\n\n\n\n<li>Offida DOCG dal 2011 (Ascoli Piceno)<\/li>\n\n\n\n<li>Verdicchio di Matelica Riserva DOCG &nbsp;dal 2010 (Ancona, Macerata)<\/li>\n\n\n\n<li>Vernaccia di Serra Petrona DOCG &nbsp;dal 2004 &nbsp;(Macerata)<strong>&nbsp; &nbsp;<\/strong><strong> &nbsp; &nbsp; &nbsp; &nbsp; &nbsp; &nbsp; &nbsp; &nbsp; &nbsp; &nbsp; &nbsp; &nbsp; &nbsp; &nbsp; &nbsp; &nbsp; &nbsp; &nbsp; &nbsp; &nbsp; &nbsp; &nbsp; &nbsp; &nbsp; &nbsp; &nbsp;<\/strong><\/li>\n<\/ul>\n\n\n\n<p><\/p>\n\n\n\n<p><\/p>\n\n\n\n<p><\/p>\n\n\n\n<h2>Vini DOC Ancona<\/h2>\n\n\n<div class=\"wp-block-image\">\n<figure class=\"alignleft\"><img decoding=\"async\" loading=\"lazy\" width=\"465\" height=\"349\" src=\"http:\/\/www.conero.it\/assets\/uploads\/2016\/04\/Foto-Vigna-Scheda-2-2.jpg\" alt=\"foto-vigna-scheda-2\" class=\"wp-image-3204\"\/><\/figure><\/div>\n\n\n<ul>\n<li>&nbsp;Rosso Conero DOC dal 1967 (Ancona)<\/li>\n\n\n\n<li>&nbsp;Rosso Piceno DOC dal 1968 (Ancona, Macerata, Ascoli- &nbsp;Piceno, Fermo )<\/li>\n\n\n\n<li>&nbsp;Colli Maceratesi DOC dal 1975 (Macerata, Ancona)<\/li>\n\n\n\n<li>&nbsp;Lacrima di Morro d&#8217;Alba DOC dal 1985 (Ancona)<\/li>\n\n\n\n<li>&nbsp;Esino DOC dal&nbsp;1995 (Ancona, Macerata)<\/li>\n\n\n\n<li>&nbsp;Lacrima di Morro d&#8217;Alba DOC dal 1985 ( Ancona )<\/li>\n\n\n\n<li>&nbsp;Verdicchio dei Castelli di Jesi DOC dal 1968 (Ancona, &nbsp;Macerata )<\/li>\n\n\n\n<li>&nbsp;Verdicchio di Matelica DOC dal 1967 (Ancona, Macerata)<\/li>\n<\/ul>\n","protected":false},"excerpt":{"rendered":"<p>La vitivinicoltura in questo lembo magico di costa marchigiana \u00e8, dopo il turismo, l\u2019attivit\u00e0 economica di gran lunga prevalente.<\/p>\n","protected":false},"author":1,"featured_media":0,"parent":619,"menu_order":0,"comment_status":"closed","ping_status":"closed","template":"","meta":[],"yoast_head":"<!-- This site is optimized with the Yoast SEO plugin v20.3 - https:\/\/yoast.com\/wordpress\/plugins\/seo\/ -->\n<title>La strada del vino - Conero.it<\/title>\n<meta name=\"description\" content=\"La vitivinicoltura in questo lembo magico di costa marchigiana \u00e8, dopo il turismo, l\u2019attivit\u00e0 economica di gran lunga prevalente.\" \/>\n<meta name=\"robots\" content=\"index, follow, max-snippet:-1, max-image-preview:large, max-video-preview:-1\" \/>\n<link rel=\"canonical\" href=\"http:\/\/dev.conero.it\/it\/itinerari\/la-strada-del-vino\/\" \/>\n<meta property=\"og:locale\" content=\"it_IT\" \/>\n<meta property=\"og:type\" content=\"article\" \/>\n<meta property=\"og:title\" content=\"La strada del vino - Conero.it\" \/>\n<meta property=\"og:description\" content=\"La vitivinicoltura in questo lembo magico di costa marchigiana \u00e8, dopo il turismo, l\u2019attivit\u00e0 economica di gran lunga prevalente.\" \/>\n<meta property=\"og:url\" content=\"http:\/\/dev.conero.it\/it\/itinerari\/la-strada-del-vino\/\" \/>\n<meta property=\"og:site_name\" content=\"Conero.it\" \/>\n<meta property=\"article:modified_time\" content=\"2023-01-17T15:26:09+00:00\" \/>\n<meta property=\"og:image\" content=\"http:\/\/www.conero.it\/assets\/uploads\/2016\/04\/Vigna-Scheda-2-1.jpg\" \/>\n<script type=\"application\/ld+json\" class=\"yoast-schema-graph\">{\"@context\":\"https:\/\/schema.org\",\"@graph\":[{\"@type\":\"WebPage\",\"@id\":\"http:\/\/dev.conero.it\/it\/itinerari\/la-strada-del-vino\/\",\"url\":\"http:\/\/dev.conero.it\/it\/itinerari\/la-strada-del-vino\/\",\"name\":\"La strada del vino - Conero.it\",\"isPartOf\":{\"@id\":\"http:\/\/dev.conero.it\/it\/#website\"},\"datePublished\":\"2016-04-11T18:31:02+00:00\",\"dateModified\":\"2023-01-17T15:26:09+00:00\",\"description\":\"La vitivinicoltura in questo lembo magico di costa marchigiana \u00e8, dopo il turismo, l\u2019attivit\u00e0 economica di gran lunga prevalente.\",\"breadcrumb\":{\"@id\":\"http:\/\/dev.conero.it\/it\/itinerari\/la-strada-del-vino\/#breadcrumb\"},\"inLanguage\":\"it-IT\",\"potentialAction\":[{\"@type\":\"ReadAction\",\"target\":[\"http:\/\/dev.conero.it\/it\/itinerari\/la-strada-del-vino\/\"]}]},{\"@type\":\"BreadcrumbList\",\"@id\":\"http:\/\/dev.conero.it\/it\/itinerari\/la-strada-del-vino\/#breadcrumb\",\"itemListElement\":[{\"@type\":\"ListItem\",\"position\":1,\"name\":\"Home\",\"item\":\"http:\/\/dev.conero.it\/it\/\"},{\"@type\":\"ListItem\",\"position\":2,\"name\":\"Itinerari\",\"item\":\"http:\/\/dev.conero.it\/it\/itinerari\/\"},{\"@type\":\"ListItem\",\"position\":3,\"name\":\"La strada del vino\"}]},{\"@type\":\"WebSite\",\"@id\":\"http:\/\/dev.conero.it\/it\/#website\",\"url\":\"http:\/\/dev.conero.it\/it\/\",\"name\":\"Conero.it\",\"description\":\"Informazioni e servizi turistici per la riviera del Conero: Sirolo, Numana, Portonovo, Marcelli, Ancona - Conero.it\",\"potentialAction\":[{\"@type\":\"SearchAction\",\"target\":{\"@type\":\"EntryPoint\",\"urlTemplate\":\"http:\/\/dev.conero.it\/it\/?s={search_term_string}\"},\"query-input\":\"required name=search_term_string\"}],\"inLanguage\":\"it-IT\"}]}<\/script>\n<!-- \/ Yoast SEO plugin. -->","yoast_head_json":{"title":"La strada del vino - Conero.it","description":"La vitivinicoltura in questo lembo magico di costa marchigiana \u00e8, dopo il turismo, l\u2019attivit\u00e0 economica di gran lunga prevalente.","robots":{"index":"index","follow":"follow","max-snippet":"max-snippet:-1","max-image-preview":"max-image-preview:large","max-video-preview":"max-video-preview:-1"},"canonical":"http:\/\/dev.conero.it\/it\/itinerari\/la-strada-del-vino\/","og_locale":"it_IT","og_type":"article","og_title":"La strada del vino - Conero.it","og_description":"La vitivinicoltura in questo lembo magico di costa marchigiana \u00e8, dopo il turismo, l\u2019attivit\u00e0 economica di gran lunga prevalente.","og_url":"http:\/\/dev.conero.it\/it\/itinerari\/la-strada-del-vino\/","og_site_name":"Conero.it","article_modified_time":"2023-01-17T15:26:09+00:00","og_image":[{"url":"http:\/\/www.conero.it\/assets\/uploads\/2016\/04\/Vigna-Scheda-2-1.jpg"}],"schema":{"@context":"https:\/\/schema.org","@graph":[{"@type":"WebPage","@id":"http:\/\/dev.conero.it\/it\/itinerari\/la-strada-del-vino\/","url":"http:\/\/dev.conero.it\/it\/itinerari\/la-strada-del-vino\/","name":"La strada del vino - Conero.it","isPartOf":{"@id":"http:\/\/dev.conero.it\/it\/#website"},"datePublished":"2016-04-11T18:31:02+00:00","dateModified":"2023-01-17T15:26:09+00:00","description":"La vitivinicoltura in questo lembo magico di costa marchigiana \u00e8, dopo il turismo, l\u2019attivit\u00e0 economica di gran lunga prevalente.","breadcrumb":{"@id":"http:\/\/dev.conero.it\/it\/itinerari\/la-strada-del-vino\/#breadcrumb"},"inLanguage":"it-IT","potentialAction":[{"@type":"ReadAction","target":["http:\/\/dev.conero.it\/it\/itinerari\/la-strada-del-vino\/"]}]},{"@type":"BreadcrumbList","@id":"http:\/\/dev.conero.it\/it\/itinerari\/la-strada-del-vino\/#breadcrumb","itemListElement":[{"@type":"ListItem","position":1,"name":"Home","item":"http:\/\/dev.conero.it\/it\/"},{"@type":"ListItem","position":2,"name":"Itinerari","item":"http:\/\/dev.conero.it\/it\/itinerari\/"},{"@type":"ListItem","position":3,"name":"La strada del vino"}]},{"@type":"WebSite","@id":"http:\/\/dev.conero.it\/it\/#website","url":"http:\/\/dev.conero.it\/it\/","name":"Conero.it","description":"Informazioni e servizi turistici per la riviera del Conero: Sirolo, Numana, Portonovo, Marcelli, Ancona - Conero.it","potentialAction":[{"@type":"SearchAction","target":{"@type":"EntryPoint","urlTemplate":"http:\/\/dev.conero.it\/it\/?s={search_term_string}"},"query-input":"required name=search_term_string"}],"inLanguage":"it-IT"}]}},"_links":{"self":[{"href":"http:\/\/dev.conero.it\/it\/wp-json\/wp\/v2\/pages\/1453"}],"collection":[{"href":"http:\/\/dev.conero.it\/it\/wp-json\/wp\/v2\/pages"}],"about":[{"href":"http:\/\/dev.conero.it\/it\/wp-json\/wp\/v2\/types\/page"}],"author":[{"embeddable":true,"href":"http:\/\/dev.conero.it\/it\/wp-json\/wp\/v2\/users\/1"}],"replies":[{"embeddable":true,"href":"http:\/\/dev.conero.it\/it\/wp-json\/wp\/v2\/comments?post=1453"}],"version-history":[{"count":6,"href":"http:\/\/dev.conero.it\/it\/wp-json\/wp\/v2\/pages\/1453\/revisions"}],"predecessor-version":[{"id":9065,"href":"http:\/\/dev.conero.it\/it\/wp-json\/wp\/v2\/pages\/1453\/revisions\/9065"}],"up":[{"embeddable":true,"href":"http:\/\/dev.conero.it\/it\/wp-json\/wp\/v2\/pages\/619"}],"wp:attachment":[{"href":"http:\/\/dev.conero.it\/it\/wp-json\/wp\/v2\/media?parent=1453"}],"curies":[{"name":"wp","href":"https:\/\/api.w.org\/{rel}","templated":true}]}}