{"id":1445,"date":"2016-04-11T18:31:01","date_gmt":"2016-04-11T18:31:01","guid":{"rendered":"http:\/\/www.conero.it\/aaa-pagine-sistemare\/itle-spiagge-della-rivieraenbeaches-in-the-riviera\/"},"modified":"2017-06-27T09:56:10","modified_gmt":"2017-06-27T09:56:10","slug":"le-spiagge-della-riviera","status":"publish","type":"page","link":"http:\/\/dev.conero.it\/it\/itinerari\/le-spiagge-della-riviera\/","title":{"rendered":"Le spiagge della Riviera"},"content":{"rendered":"<p><img decoding=\"async\" loading=\"lazy\" class=\"alignleft size-full wp-image-2780\" src=\"http:\/\/www.conero.it\/assets\/uploads\/2016\/04\/Numana-2106-Scheda-12.jpg\" alt=\"Numana-2106-Scheda-12\" width=\"465\" height=\"349\" \/>Un litorale unico, una sorprendente cornice a un mare pulito e balneabile. La fascia costiera a sud di Ancona \u00e8 una distesa di bianche spiagge ancora incontaminate. Alle calette pi\u00f9 solitarie si alternano spiagge pi\u00f9 facilmente accessibili e attrezzate, fino al lido di Marcelli, con numerosi servizi e molto divertimento.<\/p>\n<h2>PORTONOVO<\/h2>\n<h2>SPIAGGIA DI MEZZAVALLE<\/h2>\n<p><img decoding=\"async\" loading=\"lazy\" class=\"alignleft size-full wp-image-2774\" src=\"http:\/\/www.conero.it\/assets\/uploads\/2016\/04\/Portonovo-Scheda-1-1.jpg\" alt=\"Portonovo-Scheda-1\" width=\"465\" height=\"349\" \/>Descrizione: primo lungo tratto di spiaggia bianca della Riviera del Conero. La fatica necessaria a raggiungere questo segmento di spiaggia libera, non impedisce a numerosi bagnanti di affollarla nei week-end. Si raggiunge attraverso un ripido sentiero a nord di Portonovo o via mare. Priva di stabilimenti, sono presenti doccie, servizi e un ristorante.<br \/>\nTipo spiaggia: sassi e ghiaia.<br \/>\nCome ci si arriva: in auto, Strada provinciale del Conero, direzione Portonovo; poi a piedi, lungo due sentieri che scendono il fianco di un greto, uno pi\u00f9 lungo e intricato, l&#8217;altro pi\u00f9 corto ed ripido.<\/p>\n<h2>SPIAGGIA DI PORTONOVO<\/h2>\n<p><img decoding=\"async\" loading=\"lazy\" class=\"alignleft size-full wp-image-2778\" src=\"http:\/\/www.conero.it\/assets\/uploads\/2016\/04\/Portonovo-Scheda-2-1.jpg\" alt=\"Portonovo-Scheda-2\" width=\"465\" height=\"349\" \/>Descrizione: baia ai piedi del fianco nord del Conero. La verde macchia del monte fa da contrappunto ai bianchi sassi dell&#8217;arenile. A tratti liberi si alternano zone completamente attrezzate e ricche di ristoranti di pesce affacciati sul mare. Punto di ritrovo per i surfisti quando soffia scirocco ed ostro.<br \/>\nTipo spiaggia: ghiaia e sassi levigati.<br \/>\nCome ci si arriva: in auto, Strada Provinciale del Conero, direzone Portonovo; si imbocca una strada che scende lungo il fianco del monte. Posti parcheggio auto limitati. In caso di chiusura al traffico \u00e8 previsto un bus navetta dal parcheggio in alto.<\/p>\n<h2>SPIAGGIA &#8220;LA VELA&#8221;<\/h2>\n<p><img decoding=\"async\" loading=\"lazy\" class=\"alignleft size-full wp-image-2775\" src=\"http:\/\/www.conero.it\/assets\/uploads\/2016\/04\/Portonovo-Scheda-2-b.jpg\" alt=\"Portonovo-Scheda-2-b\" width=\"465\" height=\"349\" \/>Descrizione: chiamata cos\u00ec per lo scoglio a forma di vela che froteggia la parte terminale della spiaggia, questo arco di costa \u00e8 l&#8217;ultimo balneabile ai piedi del versante nord del Conero.<br \/>\nTipo spiaggia: sassi e ghiaia.<br \/>\nCome ci si arriva: in auto, Strada Provinciale del Conero, direzone Portonovo; si imbocca una strada che scende lungo il fianco del monte. Posti parcheggio auto limitati. In caso di chiusura al traffico \u00e8 previsto un bus navetta dal parcheggio alto.<\/p>\n<h2>SIROLO<\/h2>\n<h2>SPIAGGIA DELLE &#8220;DUE SORELLE&#8221;<\/h2>\n<p><img decoding=\"async\" loading=\"lazy\" class=\"alignleft size-full wp-image-2782\" src=\"http:\/\/www.conero.it\/assets\/uploads\/2016\/04\/Le-Due-Sorelle-Scheda.jpg\" alt=\"Le-Due-Sorelle-Scheda\" width=\"465\" height=\"349\" \/>Descrizione: simbolo della Riviera del Conero, cos\u00ec denominata per i due scogli gemelli che emergono dal mare, \u00e8 la prima spiaggetta bianca del fianco sud del monte Conero. Poich\u00e8 \u00e8 raggiungibile solo via mare, questo tratto di costa si presenta ancora selvaggio e incontaminato: nessun tipo di servizio \u00e8 presente.<br \/>\nTipo spiaggia: ghiaia, sassi e scoglio.<br \/>\nCome ci si arriva: solo via mare; corse giornaliere dei traghetti dal porto di Numana. Il sentiero via terra \u00e8 momentaneamente interdetto dal passo dal lupo in poi.<\/p>\n<h2>SPIAGGIA DEI &#8220;SASSI NERI&#8221;<\/h2>\n<p><img decoding=\"async\" loading=\"lazy\" class=\"alignleft size-full wp-image-2328\" src=\"http:\/\/www.conero.it\/assets\/uploads\/2016\/04\/sassineri.jpg\" alt=\"sassineri\" width=\"400\" height=\"264\" \/>Descrizione: spiaggia lunga e vasta, libera e selvaggia, \u00e8 meta di numerosi naturalisti.<br \/>\nTipo spiaggia: sassi e renella scura.<br \/>\nCome ci si arriva: a piedi dal Parco della Repubblica di Sirolo oppure col bus dal Municipio di Sirolo. Fuori stagione \u00e8 raggiungibile in auto.<\/p>\n<h2>SPIAGGIA DI &#8220;SAN MICHELE&#8221;<\/h2>\n<p><img decoding=\"async\" loading=\"lazy\" class=\"alignleft size-full wp-image-2779\" src=\"http:\/\/www.conero.it\/assets\/uploads\/2016\/04\/Numana-2106-Scheda-7.jpg\" alt=\"Numana-2106-Scheda-7\" width=\"465\" height=\"349\" \/>Descrizione: addossata ai greti delle rupi che si avviano a diventare monte, \u00e8 separata dalla spiaggia dei Sassi Neri da un tratto di costa a falesia. Spettacolari cadute rocciose del monte e un mare dal blu inteso incorniciano questa spiaggia, a tratti libera, a tratti attrezzata con stabilimenti.<br \/>\nTipo spiaggia: ghiaia e sassi.<br \/>\nCome ci si arriva: a piedi o con bus navetta: corse ogni 30 minuti.<\/p>\n<h2>SPIAGGIA &#8220;URBANI&#8221;<\/h2>\n<p><img decoding=\"async\" loading=\"lazy\" class=\"alignleft size-full wp-image-2781\" src=\"http:\/\/www.conero.it\/assets\/uploads\/2016\/04\/Spiaggia-Urbani-Scheda.jpg\" alt=\"Spiaggia-Urbani-Scheda\" width=\"465\" height=\"349\" \/>Descrizione: una incantevole spiaggia a forma di mezzaluna, incastonata fra una grotta e un&#8217;alta rupe protetta da una barriera semicircolare di scogli. L&#8217;odore pungente dei pini, l&#8217;arenile vasto e attrezzato con stabilimenti balneari, le acque pulite, fanno di questa baia un angolo unico, premiato pi\u00f9 volte dalla Bandiera Blu.<br \/>\nTipo spiaggia: ghiaia e sassi.<br \/>\nCome ci si arriva: a piedi, in auto o con bus navetta; una strada di 1 km scende in spiaggia dal centro di Sirolo.<\/p>\n<h2>NUMANA<\/h2>\n<h2>SPIAGGIA DI NUMANA ALTA &#8211; &#8220;LA SPIAGGIOLA&#8221;<\/h2>\n<p><img decoding=\"async\" loading=\"lazy\" class=\"alignleft size-full wp-image-2777\" src=\"http:\/\/www.conero.it\/assets\/uploads\/2016\/04\/Numana-2106-gallery-2-b-1.jpg\" alt=\"Numana-2106-gallery-2-b\" width=\"465\" height=\"349\" \/>Descrizione: spiaggia incantevole, sofisticata e raccolta, punteggiata da file di ombrelloni colorati. Gli stabilimenti balneari ben attrezzati, il fondale basso e protetto da tre scogliere rendono questo tratto di costa a nord del porto, uno dei pi\u00f9 amati dai turisti tradizionali, romani e milanesi in testa.<br \/>\nTipo spiaggia: renella fine e curata.<br \/>\nCome ci si arriva: in bus; dalla piazza di Numana 15 minuti.<\/p>\n<h2>SPIAGGIA DI NUMANA BASSA E MARCELLI<\/h2>\n<p><img decoding=\"async\" loading=\"lazy\" class=\"alignleft size-medium wp-image-2759\" src=\"http:\/\/www.conero.it\/assets\/uploads\/2016\/04\/Numana-2106-gallery-6-500x361.jpg\" alt=\"Numana-2106-gallery-6\" width=\"500\" height=\"361\" srcset=\"http:\/\/dev.conero.it\/assets\/uploads\/2016\/04\/Numana-2106-gallery-6-500x361.jpg 500w, http:\/\/dev.conero.it\/assets\/uploads\/2016\/04\/Numana-2106-gallery-6-768x555.jpg 768w\" sizes=\"(max-width: 500px) 100vw, 500px\" \/>Descrizione: spiaggia dorata, vasta, areata e soleggiata: stabilimenti balneari, attrezzature sportive, ristoranti e bar rendono questa zona ideale sia per giovani che per famiglie. Dal porto di Numana, attrezzato per ogni tipo d&#8217;imbarcazione sino a Marcelli, \u00e8 possibile parcheggiare lungomare.<br \/>\nTipo spiaggia: renella fine e curata.<br \/>\nCome ci si arriva: in auto; a sud di Numana.<\/p>\n","protected":false},"excerpt":{"rendered":"<p>Portonovo, Sirolo, Numana, Marcelli: la fascia costiera a sud di Ancona \u00e8 una distesa di bianche spiagge ancora incontaminate.<\/p>\n","protected":false},"author":1,"featured_media":0,"parent":619,"menu_order":0,"comment_status":"closed","ping_status":"closed","template":"","meta":[],"yoast_head":"<!-- This site is optimized with the Yoast SEO plugin v20.3 - https:\/\/yoast.com\/wordpress\/plugins\/seo\/ -->\n<title>Le spiagge della Riviera - Conero.it<\/title>\n<meta name=\"description\" content=\"{:it}Portonovo, Sirolo, Numana, Marcelli: la fascia costiera a sud di Ancona \u00e8 una distesa di bianche spiagge ancora incontaminate.{:}\" \/>\n<meta name=\"robots\" content=\"index, follow, max-snippet:-1, max-image-preview:large, max-video-preview:-1\" \/>\n<link rel=\"canonical\" href=\"http:\/\/dev.conero.it\/it\/itinerari\/le-spiagge-della-riviera\/\" \/>\n<meta property=\"og:locale\" content=\"it_IT\" \/>\n<meta property=\"og:type\" content=\"article\" \/>\n<meta property=\"og:title\" content=\"Le spiagge della Riviera - Conero.it\" \/>\n<meta property=\"og:description\" content=\"{:it}Portonovo, Sirolo, Numana, Marcelli: la fascia costiera a sud di Ancona \u00e8 una distesa di bianche spiagge ancora incontaminate.{:}\" \/>\n<meta property=\"og:url\" content=\"http:\/\/dev.conero.it\/it\/itinerari\/le-spiagge-della-riviera\/\" \/>\n<meta property=\"og:site_name\" content=\"Conero.it\" \/>\n<meta property=\"article:modified_time\" content=\"2017-06-27T09:56:10+00:00\" \/>\n<meta property=\"og:image\" content=\"http:\/\/www.conero.it\/assets\/uploads\/2016\/04\/Numana-2106-Scheda-12.jpg\" \/>\n<script type=\"application\/ld+json\" class=\"yoast-schema-graph\">{\"@context\":\"https:\/\/schema.org\",\"@graph\":[{\"@type\":\"WebPage\",\"@id\":\"http:\/\/dev.conero.it\/it\/itinerari\/le-spiagge-della-riviera\/\",\"url\":\"http:\/\/dev.conero.it\/it\/itinerari\/le-spiagge-della-riviera\/\",\"name\":\"Le spiagge della Riviera - Conero.it\",\"isPartOf\":{\"@id\":\"http:\/\/dev.conero.it\/it\/#website\"},\"datePublished\":\"2016-04-11T18:31:01+00:00\",\"dateModified\":\"2017-06-27T09:56:10+00:00\",\"description\":\"{:it}Portonovo, Sirolo, Numana, Marcelli: la fascia costiera a sud di Ancona \u00e8 una distesa di bianche spiagge ancora incontaminate.{:}\",\"breadcrumb\":{\"@id\":\"http:\/\/dev.conero.it\/it\/itinerari\/le-spiagge-della-riviera\/#breadcrumb\"},\"inLanguage\":\"it-IT\",\"potentialAction\":[{\"@type\":\"ReadAction\",\"target\":[\"http:\/\/dev.conero.it\/it\/itinerari\/le-spiagge-della-riviera\/\"]}]},{\"@type\":\"BreadcrumbList\",\"@id\":\"http:\/\/dev.conero.it\/it\/itinerari\/le-spiagge-della-riviera\/#breadcrumb\",\"itemListElement\":[{\"@type\":\"ListItem\",\"position\":1,\"name\":\"Home\",\"item\":\"http:\/\/dev.conero.it\/it\/\"},{\"@type\":\"ListItem\",\"position\":2,\"name\":\"Itinerari\",\"item\":\"http:\/\/dev.conero.it\/it\/itinerari\/\"},{\"@type\":\"ListItem\",\"position\":3,\"name\":\"Le spiagge della Riviera\"}]},{\"@type\":\"WebSite\",\"@id\":\"http:\/\/dev.conero.it\/it\/#website\",\"url\":\"http:\/\/dev.conero.it\/it\/\",\"name\":\"Conero.it\",\"description\":\"Informazioni e servizi turistici per la riviera del Conero: Sirolo, Numana, Portonovo, Marcelli, Ancona - Conero.it\",\"potentialAction\":[{\"@type\":\"SearchAction\",\"target\":{\"@type\":\"EntryPoint\",\"urlTemplate\":\"http:\/\/dev.conero.it\/it\/?s={search_term_string}\"},\"query-input\":\"required name=search_term_string\"}],\"inLanguage\":\"it-IT\"}]}<\/script>\n<!-- \/ Yoast SEO plugin. -->","yoast_head_json":{"title":"Le spiagge della Riviera - Conero.it","description":"{:it}Portonovo, Sirolo, Numana, Marcelli: la fascia costiera a sud di Ancona \u00e8 una distesa di bianche spiagge ancora incontaminate.{:}","robots":{"index":"index","follow":"follow","max-snippet":"max-snippet:-1","max-image-preview":"max-image-preview:large","max-video-preview":"max-video-preview:-1"},"canonical":"http:\/\/dev.conero.it\/it\/itinerari\/le-spiagge-della-riviera\/","og_locale":"it_IT","og_type":"article","og_title":"Le spiagge della Riviera - Conero.it","og_description":"{:it}Portonovo, Sirolo, Numana, Marcelli: la fascia costiera a sud di Ancona \u00e8 una distesa di bianche spiagge ancora incontaminate.{:}","og_url":"http:\/\/dev.conero.it\/it\/itinerari\/le-spiagge-della-riviera\/","og_site_name":"Conero.it","article_modified_time":"2017-06-27T09:56:10+00:00","og_image":[{"url":"http:\/\/www.conero.it\/assets\/uploads\/2016\/04\/Numana-2106-Scheda-12.jpg"}],"schema":{"@context":"https:\/\/schema.org","@graph":[{"@type":"WebPage","@id":"http:\/\/dev.conero.it\/it\/itinerari\/le-spiagge-della-riviera\/","url":"http:\/\/dev.conero.it\/it\/itinerari\/le-spiagge-della-riviera\/","name":"Le spiagge della Riviera - Conero.it","isPartOf":{"@id":"http:\/\/dev.conero.it\/it\/#website"},"datePublished":"2016-04-11T18:31:01+00:00","dateModified":"2017-06-27T09:56:10+00:00","description":"{:it}Portonovo, Sirolo, Numana, Marcelli: la fascia costiera a sud di Ancona \u00e8 una distesa di bianche spiagge ancora incontaminate.{:}","breadcrumb":{"@id":"http:\/\/dev.conero.it\/it\/itinerari\/le-spiagge-della-riviera\/#breadcrumb"},"inLanguage":"it-IT","potentialAction":[{"@type":"ReadAction","target":["http:\/\/dev.conero.it\/it\/itinerari\/le-spiagge-della-riviera\/"]}]},{"@type":"BreadcrumbList","@id":"http:\/\/dev.conero.it\/it\/itinerari\/le-spiagge-della-riviera\/#breadcrumb","itemListElement":[{"@type":"ListItem","position":1,"name":"Home","item":"http:\/\/dev.conero.it\/it\/"},{"@type":"ListItem","position":2,"name":"Itinerari","item":"http:\/\/dev.conero.it\/it\/itinerari\/"},{"@type":"ListItem","position":3,"name":"Le spiagge della Riviera"}]},{"@type":"WebSite","@id":"http:\/\/dev.conero.it\/it\/#website","url":"http:\/\/dev.conero.it\/it\/","name":"Conero.it","description":"Informazioni e servizi turistici per la riviera del Conero: Sirolo, Numana, Portonovo, Marcelli, Ancona - Conero.it","potentialAction":[{"@type":"SearchAction","target":{"@type":"EntryPoint","urlTemplate":"http:\/\/dev.conero.it\/it\/?s={search_term_string}"},"query-input":"required name=search_term_string"}],"inLanguage":"it-IT"}]}},"_links":{"self":[{"href":"http:\/\/dev.conero.it\/it\/wp-json\/wp\/v2\/pages\/1445"}],"collection":[{"href":"http:\/\/dev.conero.it\/it\/wp-json\/wp\/v2\/pages"}],"about":[{"href":"http:\/\/dev.conero.it\/it\/wp-json\/wp\/v2\/types\/page"}],"author":[{"embeddable":true,"href":"http:\/\/dev.conero.it\/it\/wp-json\/wp\/v2\/users\/1"}],"replies":[{"embeddable":true,"href":"http:\/\/dev.conero.it\/it\/wp-json\/wp\/v2\/comments?post=1445"}],"version-history":[{"count":1,"href":"http:\/\/dev.conero.it\/it\/wp-json\/wp\/v2\/pages\/1445\/revisions"}],"predecessor-version":[{"id":4366,"href":"http:\/\/dev.conero.it\/it\/wp-json\/wp\/v2\/pages\/1445\/revisions\/4366"}],"up":[{"embeddable":true,"href":"http:\/\/dev.conero.it\/it\/wp-json\/wp\/v2\/pages\/619"}],"wp:attachment":[{"href":"http:\/\/dev.conero.it\/it\/wp-json\/wp\/v2\/media?parent=1445"}],"curies":[{"name":"wp","href":"https:\/\/api.w.org\/{rel}","templated":true}]}}