{"id":1438,"date":"2016-04-11T18:31:01","date_gmt":"2016-04-11T18:31:01","guid":{"rendered":"http:\/\/www.conero.it\/aaa-pagine-sistemare\/itil-mosciolo-nella-riviera-del-coneroen\/"},"modified":"2016-06-21T14:08:55","modified_gmt":"2016-06-21T14:08:55","slug":"mosciolo-nella-riviera-del-conero","status":"publish","type":"page","link":"http:\/\/dev.conero.it\/it\/itinerari\/mosciolo-nella-riviera-del-conero\/","title":{"rendered":"Il mosciolo nella Riviera del Conero"},"content":{"rendered":"<p>Con il nome di &#8220;mosciolo&#8221; s&#8217;intende il mitilo pescato nella zona di Portonovo di Ancona e precisamente nel tratto di mare cha va da; Caratteristica che lo distingue dalla cozza di concrezioni. La stagione di pesca va da aprile ad ottobre.<\/p>\n<p>Lo scoglio pi\u00f9 importante \u00e8 il &#8220;Trave&#8221;, una strada larga mediamente 5 metri e lunga 1 kilometro. Il Trave \u00e8 un vivaio naturale di moscioli ma perch\u00e9 immette il seme, e creando un vortice, deviando la corrente, fa s\u00ec che il seme resti nella stessa zona.mediamente fino a 200 mt. dalla riva. Speciali gabbie dvanti alla toree di Portonovo creno un supporto naturale al seme. Si tratta di un ambiente unico per la pesca delle cozze, il mare \u00e8 di categoria &#8220;A&#8221; e quindii moscioli non necessitano di stabulazione ma dal pescatore vanno direttamente al centro di spedizione molluschi dove viene svolta la cernita ed effettuato un\u00a0ultimo lavaggio prima della confezione.<\/p>\n<p>Ricette<\/p>\n<p>MOSCIOLI ALLA MARINARA<br \/>\nIngredienti per 6 persone:<br \/>\nCozze freschissime kg 1 &#8211; una manciata di prezzemolo &#8211; olio d&#8217;oliva &#8211; un bel limone succoso &#8211; pepe.<br \/>\nTempo: 1 ora<br \/>\nDifficolt\u00e0: facile<\/p>\n<p>Preparazione<br \/>\nLavare molto bene le cozze in acqua corrente e spazzolarne accuratamente le valve; usando un coltellino appuntito aprirle e scuoterle per farne uscire l&#8217;acqua contenuta, e con essa gli eventuali granelli di sabbia.<br \/>\nMano a mano che sono pronte disporle in una larga padella. Irrorare le cozze con abbondante olio d&#8217;oliva e succo di mezzo limone, poi cospargerle con prezzemolo tritato fine e pepe di fresca macinatura. Incoperchiare il recipiente e metterlo sul fuoco, cuocendo le cozze per cinque minuti.<br \/>\nDisporle sul piatto di portata, unire al sugo di cottura il rimanente succo di limone, mescolare e versare l&#8217;intingolo sui molluschi.<\/p>\n<p>MOSCIOLI ARROSTO<br \/>\nIngredienti per 6 persone<br \/>\nCozze freschissime kg 1 &#8211; pomodori da sugo gr. 300 &#8211; 1\/4 di bicchiere di vino &#8211; una manciata di prezzemolo &#8211; pane grattugiato &#8211; olio d&#8217;oliva.<br \/>\nTempo: 1 ora<br \/>\nDifficolt\u00e0: facile<\/p>\n<p>Preparazione<br \/>\nLavare i pomodori e passarli al setaccio.<br \/>\nTritare le foglie di prezzemolo: mettere il ricavato in una terrina, unire un po&#8217; di pane grattugiato, il passato di pomodoro ed il vino, mescolando.<br \/>\nLavare accuratamente le cozze in acqua corrente spazzolandone con cura le valve, quindi aprirle servendosi di un coltellino appuntito e scuoterle per fare cadere l&#8217;acqua contenuta e gli eventuali granelli di sabbia.<br \/>\nNelle valve pi\u00f9 belle mettere due molluschi e poi coprirli con un po&#8217; di ripieno preparato.<br \/>\nDisporli in una larga pirofila mano a mano che sono pronti; a lavoro ultimato irrorarli di olio e mettere il recipiente in forno caldo (200\u00b0), lasciandovelo per circa 15 minuti.<\/p>\n","protected":false},"excerpt":{"rendered":"<p>Con il nome di &#8220;mosciolo&#8221; s&#8217;intende il mitilo pescato nella zona di Portonovo di Ancona.<\/p>\n","protected":false},"author":1,"featured_media":0,"parent":619,"menu_order":0,"comment_status":"closed","ping_status":"closed","template":"","meta":[],"yoast_head":"<!-- This site is optimized with the Yoast SEO plugin v20.3 - https:\/\/yoast.com\/wordpress\/plugins\/seo\/ -->\n<title>Il mosciolo nella Riviera del Conero - Conero.it<\/title>\n<meta name=\"description\" content=\"{:it}Con il nome di &quot;mosciolo&quot; s&#039;intende il mitilo pescato nella zona di Portonovo di Ancona.{:}\" \/>\n<meta name=\"robots\" content=\"index, follow, max-snippet:-1, max-image-preview:large, max-video-preview:-1\" \/>\n<link rel=\"canonical\" href=\"http:\/\/dev.conero.it\/it\/itinerari\/mosciolo-nella-riviera-del-conero\/\" \/>\n<meta property=\"og:locale\" content=\"it_IT\" \/>\n<meta property=\"og:type\" content=\"article\" \/>\n<meta property=\"og:title\" content=\"Il mosciolo nella Riviera del Conero - Conero.it\" \/>\n<meta property=\"og:description\" content=\"{:it}Con il nome di &quot;mosciolo&quot; s&#039;intende il mitilo pescato nella zona di Portonovo di Ancona.{:}\" \/>\n<meta property=\"og:url\" content=\"http:\/\/dev.conero.it\/it\/itinerari\/mosciolo-nella-riviera-del-conero\/\" \/>\n<meta property=\"og:site_name\" content=\"Conero.it\" \/>\n<meta property=\"article:modified_time\" content=\"2016-06-21T14:08:55+00:00\" \/>\n<script type=\"application\/ld+json\" class=\"yoast-schema-graph\">{\"@context\":\"https:\/\/schema.org\",\"@graph\":[{\"@type\":\"WebPage\",\"@id\":\"http:\/\/dev.conero.it\/it\/itinerari\/mosciolo-nella-riviera-del-conero\/\",\"url\":\"http:\/\/dev.conero.it\/it\/itinerari\/mosciolo-nella-riviera-del-conero\/\",\"name\":\"Il mosciolo nella Riviera del Conero - Conero.it\",\"isPartOf\":{\"@id\":\"http:\/\/dev.conero.it\/it\/#website\"},\"datePublished\":\"2016-04-11T18:31:01+00:00\",\"dateModified\":\"2016-06-21T14:08:55+00:00\",\"description\":\"{:it}Con il nome di \\\"mosciolo\\\" s'intende il mitilo pescato nella zona di Portonovo di Ancona.{:}\",\"breadcrumb\":{\"@id\":\"http:\/\/dev.conero.it\/it\/itinerari\/mosciolo-nella-riviera-del-conero\/#breadcrumb\"},\"inLanguage\":\"it-IT\",\"potentialAction\":[{\"@type\":\"ReadAction\",\"target\":[\"http:\/\/dev.conero.it\/it\/itinerari\/mosciolo-nella-riviera-del-conero\/\"]}]},{\"@type\":\"BreadcrumbList\",\"@id\":\"http:\/\/dev.conero.it\/it\/itinerari\/mosciolo-nella-riviera-del-conero\/#breadcrumb\",\"itemListElement\":[{\"@type\":\"ListItem\",\"position\":1,\"name\":\"Home\",\"item\":\"http:\/\/dev.conero.it\/it\/\"},{\"@type\":\"ListItem\",\"position\":2,\"name\":\"Itinerari\",\"item\":\"http:\/\/dev.conero.it\/it\/itinerari\/\"},{\"@type\":\"ListItem\",\"position\":3,\"name\":\"Il mosciolo nella Riviera del Conero\"}]},{\"@type\":\"WebSite\",\"@id\":\"http:\/\/dev.conero.it\/it\/#website\",\"url\":\"http:\/\/dev.conero.it\/it\/\",\"name\":\"Conero.it\",\"description\":\"Informazioni e servizi turistici per la riviera del Conero: Sirolo, Numana, Portonovo, Marcelli, Ancona - Conero.it\",\"potentialAction\":[{\"@type\":\"SearchAction\",\"target\":{\"@type\":\"EntryPoint\",\"urlTemplate\":\"http:\/\/dev.conero.it\/it\/?s={search_term_string}\"},\"query-input\":\"required name=search_term_string\"}],\"inLanguage\":\"it-IT\"}]}<\/script>\n<!-- \/ Yoast SEO plugin. -->","yoast_head_json":{"title":"Il mosciolo nella Riviera del Conero - Conero.it","description":"{:it}Con il nome di \"mosciolo\" s'intende il mitilo pescato nella zona di Portonovo di Ancona.{:}","robots":{"index":"index","follow":"follow","max-snippet":"max-snippet:-1","max-image-preview":"max-image-preview:large","max-video-preview":"max-video-preview:-1"},"canonical":"http:\/\/dev.conero.it\/it\/itinerari\/mosciolo-nella-riviera-del-conero\/","og_locale":"it_IT","og_type":"article","og_title":"Il mosciolo nella Riviera del Conero - Conero.it","og_description":"{:it}Con il nome di \"mosciolo\" s'intende il mitilo pescato nella zona di Portonovo di Ancona.{:}","og_url":"http:\/\/dev.conero.it\/it\/itinerari\/mosciolo-nella-riviera-del-conero\/","og_site_name":"Conero.it","article_modified_time":"2016-06-21T14:08:55+00:00","schema":{"@context":"https:\/\/schema.org","@graph":[{"@type":"WebPage","@id":"http:\/\/dev.conero.it\/it\/itinerari\/mosciolo-nella-riviera-del-conero\/","url":"http:\/\/dev.conero.it\/it\/itinerari\/mosciolo-nella-riviera-del-conero\/","name":"Il mosciolo nella Riviera del Conero - Conero.it","isPartOf":{"@id":"http:\/\/dev.conero.it\/it\/#website"},"datePublished":"2016-04-11T18:31:01+00:00","dateModified":"2016-06-21T14:08:55+00:00","description":"{:it}Con il nome di \"mosciolo\" s'intende il mitilo pescato nella zona di Portonovo di Ancona.{:}","breadcrumb":{"@id":"http:\/\/dev.conero.it\/it\/itinerari\/mosciolo-nella-riviera-del-conero\/#breadcrumb"},"inLanguage":"it-IT","potentialAction":[{"@type":"ReadAction","target":["http:\/\/dev.conero.it\/it\/itinerari\/mosciolo-nella-riviera-del-conero\/"]}]},{"@type":"BreadcrumbList","@id":"http:\/\/dev.conero.it\/it\/itinerari\/mosciolo-nella-riviera-del-conero\/#breadcrumb","itemListElement":[{"@type":"ListItem","position":1,"name":"Home","item":"http:\/\/dev.conero.it\/it\/"},{"@type":"ListItem","position":2,"name":"Itinerari","item":"http:\/\/dev.conero.it\/it\/itinerari\/"},{"@type":"ListItem","position":3,"name":"Il mosciolo nella Riviera del Conero"}]},{"@type":"WebSite","@id":"http:\/\/dev.conero.it\/it\/#website","url":"http:\/\/dev.conero.it\/it\/","name":"Conero.it","description":"Informazioni e servizi turistici per la riviera del Conero: Sirolo, Numana, Portonovo, Marcelli, Ancona - Conero.it","potentialAction":[{"@type":"SearchAction","target":{"@type":"EntryPoint","urlTemplate":"http:\/\/dev.conero.it\/it\/?s={search_term_string}"},"query-input":"required name=search_term_string"}],"inLanguage":"it-IT"}]}},"_links":{"self":[{"href":"http:\/\/dev.conero.it\/it\/wp-json\/wp\/v2\/pages\/1438"}],"collection":[{"href":"http:\/\/dev.conero.it\/it\/wp-json\/wp\/v2\/pages"}],"about":[{"href":"http:\/\/dev.conero.it\/it\/wp-json\/wp\/v2\/types\/page"}],"author":[{"embeddable":true,"href":"http:\/\/dev.conero.it\/it\/wp-json\/wp\/v2\/users\/1"}],"replies":[{"embeddable":true,"href":"http:\/\/dev.conero.it\/it\/wp-json\/wp\/v2\/comments?post=1438"}],"version-history":[{"count":0,"href":"http:\/\/dev.conero.it\/it\/wp-json\/wp\/v2\/pages\/1438\/revisions"}],"up":[{"embeddable":true,"href":"http:\/\/dev.conero.it\/it\/wp-json\/wp\/v2\/pages\/619"}],"wp:attachment":[{"href":"http:\/\/dev.conero.it\/it\/wp-json\/wp\/v2\/media?parent=1438"}],"curies":[{"name":"wp","href":"https:\/\/api.w.org\/{rel}","templated":true}]}}