{"id":1427,"date":"2016-04-11T18:31:01","date_gmt":"2016-04-11T18:31:01","guid":{"rendered":"http:\/\/www.conero.it\/aaa-pagine-sistemare\/itanconaenancona\/"},"modified":"2016-10-18T16:19:31","modified_gmt":"2016-10-18T16:19:31","slug":"ancona","status":"publish","type":"page","link":"http:\/\/dev.conero.it\/it\/itinerari\/ancona\/","title":{"rendered":"Ancona"},"content":{"rendered":"<h2>ANCONA, GOMITO D&#8217;ITALIA<\/h2>\n<p><img decoding=\"async\" loading=\"lazy\" class=\"alignleft size-full wp-image-1946\" src=\"http:\/\/www.conero.it\/assets\/uploads\/2016\/04\/ancona_1-nuova.jpg\" alt=\"ancona_1-nuova\" width=\"400\" height=\"300\" \/>Porto dorico dal IV secolo a.C., la citt\u00e0, viva e operosa, offre una costa variegata, preziosi reperti archeologici, chiese romaniche, testimonianze gotiche, palazzi settecenteschi e l&#8217;impronta inconfondibile del Vanvitelli.<\/p>\n<ul>\n<ul>Distanza dalla riviera: da 20 a 35 Km.<\/ul>\n<\/ul>\n<p>&nbsp;<\/p>\n<ul>\n<ul>Itinerario lungo: tutto il giorno.<\/ul>\n<\/ul>\n<p>&nbsp;<\/p>\n<ul>Itinerario breve:\u00a0mezza giornata.<\/ul>\n<h2>COME ARRIVARE<\/h2>\n<p><img decoding=\"async\" loading=\"lazy\" class=\"alignleft size-full wp-image-1947\" src=\"http:\/\/www.conero.it\/assets\/uploads\/2016\/04\/ancona_2.jpg\" alt=\"ancona_2\" width=\"320\" height=\"240\" \/>Per raggiungere la citt\u00e0 di Ancona dalle localit\u00e0 della riviera, si consiglia di seguire la strada panoramica del Conero fino ad incontrare le indicazioni per il centro cittadino. Percorrendo il Viale della Vittoria, si giunge nella centrale piazza Cavour: di qui percorrendo corso Stamira, deviando a sinistra in direzione stazione si incontra sulla sinistra il parcheggio Traiano, in cui consigliamo di lasciare l&#8217;auto nel caso dell&#8217;itinerario lungo, girando a destra si accede al Lungomare Vanvitelli costeggiato di posti auto a pagamento. salendo lungo le curve di via Giovanni XXIII si giunge alla sommit\u00e0 di colle Guasco, sede del Duomo di San Ciriaco. Qui si trovano altri parcheggi dove si consiglia di lasciare l&#8217;auto per l&#8217;itinerario breve.<\/p>\n<h2>LA CITTA&#8217;<\/h2>\n<p><img decoding=\"async\" loading=\"lazy\" class=\"alignleft size-full wp-image-1948\" src=\"http:\/\/www.conero.it\/assets\/uploads\/2016\/04\/ancona_3.jpg\" alt=\"ancona_3\" width=\"320\" height=\"240\" \/>Ancona, capoluogo di provincia, poco pi\u00f9 di 100.000 abitanti, si compone di una parte antica, e di una moderna, formatasi a partire dal secolo XVIII. Il centro storico offre un ricco patrimonio monumentale e culturale: Teatro delle Muse, Chiesa del SS. Sacramento, Piazza Plebiscito (o del Papa), Museo della Citt\u00e0 di Ancona, Museo Archeologico Nazionale delle Marche, Pinacoteca Civica Francesco Podesti, Cattedrale di San Ciriaco con annesso Museo Diocesano, il persorso ebraico al Parco del Cardeto con il vecchio faro. Il centro cittadino, dove dedicarsi allo shopping, include corso Mazzini, corso Garibaldi, piazza Roma e piazza Cavour. Il Passetto \u00e8 la zona balneare della citt\u00e0, offre un mirabile panorama. Al Porto si trovano le antiche mura e portelle, l&#8217;Arco\u00a0 Traiano, l&#8217;Arco Clementino, la Mole Vanvitelliana o Ex-Lazzaretto. Il parco comunale della Cittadella, sulla sommit\u00e0 del colle Astagno, conserva parte delle mura dell&#8217;antica roccaforte e uno splendido offre un paorama sulla citt\u00e0. Vicino si trova un&#8217;unicit\u00e0: il\u00a0Museo Tattile Statale Omero.<\/p>\n<h2>LE SPIAGGE<\/h2>\n<p><img decoding=\"async\" loading=\"lazy\" class=\"alignleft size-full wp-image-1949\" src=\"http:\/\/www.conero.it\/assets\/uploads\/2016\/04\/ancona_4.jpg\" alt=\"ancona_4\" width=\"320\" height=\"240\" \/>Ancona dispone di 20 km di costa variegata. La spiaggia cittadina, il Passetto, con le sue tipiche grotte e servizi balneari, si caratterizza per le sua bianca roccia e la tipica atmosfera &#8220;anconetana&#8221;. Proseguendo verso sud, lungo la panoramica strada del Conero si incontrano le spiagge del Trave, una lama che taglia limpide acque e di Mezzavalle, un arco di bianco litorale sassoso. Giunti alle pendici del monte Conero si trova la stupenda baia di Portonovo. Nella parte settentrionale della citt\u00e0, zona di Palombina nuova, si distende invece un arenile sabbioso.<\/p>\n<h2>PARCHEGGI<\/h2>\n<p>Parcheggi Coperti: Stamira- P.zza Pertini, Traiano &#8211; via XXIX Settembre, vicino Piazza della Repubblica.<br \/>\nCialdini &#8211; via Cialdini, vicino Piazza della Repubblica, Degli Archi &#8211; via Mamiani (zona stazione).<\/p>\n<p><strong>Natura e Turismo<\/strong><br \/>\nGuida turistica e naturalistica Franca Silvia Di Cicco<br \/>\nTel. +39.0717216120, Cell. 339.1313603, E-mail: silviafdicicco@virgilio.it<\/p>\n","protected":false},"excerpt":{"rendered":"<p>Porto dorico dal IV sec. a.C., Ancona offre una costa variegata, preziosi reperti archeologici, chiese romaniche, testimonianze gotiche.<\/p>\n","protected":false},"author":1,"featured_media":0,"parent":619,"menu_order":0,"comment_status":"closed","ping_status":"closed","template":"page-localita.php","meta":[],"yoast_head":"<!-- This site is optimized with the Yoast SEO plugin v20.3 - https:\/\/yoast.com\/wordpress\/plugins\/seo\/ -->\n<title>Ancona - Conero.it<\/title>\n<meta name=\"description\" content=\"{:it}Porto dorico dal IV sec. a.C., Ancona offre una costa variegata, preziosi reperti archeologici, chiese romaniche, testimonianze gotiche.{:en}Left the beaches of the riviera, take the windy road going behind the Mount Conero, and approaching Ancona from the coast. {:}\" \/>\n<meta name=\"robots\" content=\"index, follow, max-snippet:-1, max-image-preview:large, max-video-preview:-1\" \/>\n<link rel=\"canonical\" href=\"http:\/\/dev.conero.it\/it\/itinerari\/ancona\/\" \/>\n<meta property=\"og:locale\" content=\"it_IT\" \/>\n<meta property=\"og:type\" content=\"article\" \/>\n<meta property=\"og:title\" content=\"Ancona - Conero.it\" \/>\n<meta property=\"og:description\" content=\"{:it}Porto dorico dal IV sec. a.C., Ancona offre una costa variegata, preziosi reperti archeologici, chiese romaniche, testimonianze gotiche.{:en}Left the beaches of the riviera, take the windy road going behind the Mount Conero, and approaching Ancona from the coast. {:}\" \/>\n<meta property=\"og:url\" content=\"http:\/\/dev.conero.it\/it\/itinerari\/ancona\/\" \/>\n<meta property=\"og:site_name\" content=\"Conero.it\" \/>\n<meta property=\"article:modified_time\" content=\"2016-10-18T16:19:31+00:00\" \/>\n<meta property=\"og:image\" content=\"http:\/\/www.conero.it\/assets\/uploads\/2016\/04\/ancona_1-nuova.jpg\" \/>\n<script type=\"application\/ld+json\" class=\"yoast-schema-graph\">{\"@context\":\"https:\/\/schema.org\",\"@graph\":[{\"@type\":\"WebPage\",\"@id\":\"http:\/\/dev.conero.it\/it\/itinerari\/ancona\/\",\"url\":\"http:\/\/dev.conero.it\/it\/itinerari\/ancona\/\",\"name\":\"Ancona - Conero.it\",\"isPartOf\":{\"@id\":\"http:\/\/dev.conero.it\/it\/#website\"},\"datePublished\":\"2016-04-11T18:31:01+00:00\",\"dateModified\":\"2016-10-18T16:19:31+00:00\",\"description\":\"{:it}Porto dorico dal IV sec. a.C., Ancona offre una costa variegata, preziosi reperti archeologici, chiese romaniche, testimonianze gotiche.{:en}Left the beaches of the riviera, take the windy road going behind the Mount Conero, and approaching Ancona from the coast. {:}\",\"breadcrumb\":{\"@id\":\"http:\/\/dev.conero.it\/it\/itinerari\/ancona\/#breadcrumb\"},\"inLanguage\":\"it-IT\",\"potentialAction\":[{\"@type\":\"ReadAction\",\"target\":[\"http:\/\/dev.conero.it\/it\/itinerari\/ancona\/\"]}]},{\"@type\":\"BreadcrumbList\",\"@id\":\"http:\/\/dev.conero.it\/it\/itinerari\/ancona\/#breadcrumb\",\"itemListElement\":[{\"@type\":\"ListItem\",\"position\":1,\"name\":\"Home\",\"item\":\"http:\/\/dev.conero.it\/it\/\"},{\"@type\":\"ListItem\",\"position\":2,\"name\":\"Itinerari\",\"item\":\"http:\/\/dev.conero.it\/it\/itinerari\/\"},{\"@type\":\"ListItem\",\"position\":3,\"name\":\"Ancona\"}]},{\"@type\":\"WebSite\",\"@id\":\"http:\/\/dev.conero.it\/it\/#website\",\"url\":\"http:\/\/dev.conero.it\/it\/\",\"name\":\"Conero.it\",\"description\":\"Informazioni e servizi turistici per la riviera del Conero: Sirolo, Numana, Portonovo, Marcelli, Ancona - Conero.it\",\"potentialAction\":[{\"@type\":\"SearchAction\",\"target\":{\"@type\":\"EntryPoint\",\"urlTemplate\":\"http:\/\/dev.conero.it\/it\/?s={search_term_string}\"},\"query-input\":\"required name=search_term_string\"}],\"inLanguage\":\"it-IT\"}]}<\/script>\n<!-- \/ Yoast SEO plugin. -->","yoast_head_json":{"title":"Ancona - Conero.it","description":"{:it}Porto dorico dal IV sec. a.C., Ancona offre una costa variegata, preziosi reperti archeologici, chiese romaniche, testimonianze gotiche.{:en}Left the beaches of the riviera, take the windy road going behind the Mount Conero, and approaching Ancona from the coast. {:}","robots":{"index":"index","follow":"follow","max-snippet":"max-snippet:-1","max-image-preview":"max-image-preview:large","max-video-preview":"max-video-preview:-1"},"canonical":"http:\/\/dev.conero.it\/it\/itinerari\/ancona\/","og_locale":"it_IT","og_type":"article","og_title":"Ancona - Conero.it","og_description":"{:it}Porto dorico dal IV sec. a.C., Ancona offre una costa variegata, preziosi reperti archeologici, chiese romaniche, testimonianze gotiche.{:en}Left the beaches of the riviera, take the windy road going behind the Mount Conero, and approaching Ancona from the coast. {:}","og_url":"http:\/\/dev.conero.it\/it\/itinerari\/ancona\/","og_site_name":"Conero.it","article_modified_time":"2016-10-18T16:19:31+00:00","og_image":[{"url":"http:\/\/www.conero.it\/assets\/uploads\/2016\/04\/ancona_1-nuova.jpg"}],"schema":{"@context":"https:\/\/schema.org","@graph":[{"@type":"WebPage","@id":"http:\/\/dev.conero.it\/it\/itinerari\/ancona\/","url":"http:\/\/dev.conero.it\/it\/itinerari\/ancona\/","name":"Ancona - Conero.it","isPartOf":{"@id":"http:\/\/dev.conero.it\/it\/#website"},"datePublished":"2016-04-11T18:31:01+00:00","dateModified":"2016-10-18T16:19:31+00:00","description":"{:it}Porto dorico dal IV sec. a.C., Ancona offre una costa variegata, preziosi reperti archeologici, chiese romaniche, testimonianze gotiche.{:en}Left the beaches of the riviera, take the windy road going behind the Mount Conero, and approaching Ancona from the coast. {:}","breadcrumb":{"@id":"http:\/\/dev.conero.it\/it\/itinerari\/ancona\/#breadcrumb"},"inLanguage":"it-IT","potentialAction":[{"@type":"ReadAction","target":["http:\/\/dev.conero.it\/it\/itinerari\/ancona\/"]}]},{"@type":"BreadcrumbList","@id":"http:\/\/dev.conero.it\/it\/itinerari\/ancona\/#breadcrumb","itemListElement":[{"@type":"ListItem","position":1,"name":"Home","item":"http:\/\/dev.conero.it\/it\/"},{"@type":"ListItem","position":2,"name":"Itinerari","item":"http:\/\/dev.conero.it\/it\/itinerari\/"},{"@type":"ListItem","position":3,"name":"Ancona"}]},{"@type":"WebSite","@id":"http:\/\/dev.conero.it\/it\/#website","url":"http:\/\/dev.conero.it\/it\/","name":"Conero.it","description":"Informazioni e servizi turistici per la riviera del Conero: Sirolo, Numana, Portonovo, Marcelli, Ancona - Conero.it","potentialAction":[{"@type":"SearchAction","target":{"@type":"EntryPoint","urlTemplate":"http:\/\/dev.conero.it\/it\/?s={search_term_string}"},"query-input":"required name=search_term_string"}],"inLanguage":"it-IT"}]}},"_links":{"self":[{"href":"http:\/\/dev.conero.it\/it\/wp-json\/wp\/v2\/pages\/1427"}],"collection":[{"href":"http:\/\/dev.conero.it\/it\/wp-json\/wp\/v2\/pages"}],"about":[{"href":"http:\/\/dev.conero.it\/it\/wp-json\/wp\/v2\/types\/page"}],"author":[{"embeddable":true,"href":"http:\/\/dev.conero.it\/it\/wp-json\/wp\/v2\/users\/1"}],"replies":[{"embeddable":true,"href":"http:\/\/dev.conero.it\/it\/wp-json\/wp\/v2\/comments?post=1427"}],"version-history":[{"count":0,"href":"http:\/\/dev.conero.it\/it\/wp-json\/wp\/v2\/pages\/1427\/revisions"}],"up":[{"embeddable":true,"href":"http:\/\/dev.conero.it\/it\/wp-json\/wp\/v2\/pages\/619"}],"wp:attachment":[{"href":"http:\/\/dev.conero.it\/it\/wp-json\/wp\/v2\/media?parent=1427"}],"curies":[{"name":"wp","href":"https:\/\/api.w.org\/{rel}","templated":true}]}}