{"id":1421,"date":"2016-04-11T18:31:00","date_gmt":"2016-04-11T18:31:00","guid":{"rendered":"http:\/\/www.conero.it\/aaa-pagine-sistemare\/itnumana-la-signora-della-riviera-del-coneroennumana\/"},"modified":"2023-03-01T13:37:50","modified_gmt":"2023-03-01T13:37:50","slug":"numana-la-signora-della-riviera-del-conero","status":"publish","type":"page","link":"http:\/\/dev.conero.it\/it\/localita\/numana-la-signora-della-riviera-del-conero\/","title":{"rendered":"NUMANA, la signora della Riviera del Conero"},"content":{"rendered":"\n<figure class=\"is-layout-flex wp-block-gallery-1 wp-block-gallery has-nested-images columns-5 is-cropped\">\n<figure class=\"wp-block-image size-large\"><a href=\"http:\/\/dev.conero.it\/assets\/uploads\/2016\/04\/Numana-2106-gallery1-b.jpg\"><img decoding=\"async\" loading=\"lazy\" width=\"1200\" height=\"900\" data-id=\"2756\"  src=\"http:\/\/dev.conero.it\/assets\/uploads\/2016\/04\/Numana-2106-gallery1-b.jpg\" alt=\"\" class=\"wp-image-2756\"\/><\/a><\/figure>\n\n\n\n<figure class=\"wp-block-image size-large\"><a href=\"http:\/\/dev.conero.it\/assets\/uploads\/2016\/04\/Numana-2106-gallery-3.jpg\"><img decoding=\"async\" loading=\"lazy\" width=\"1200\" height=\"900\" data-id=\"2758\"  src=\"http:\/\/dev.conero.it\/assets\/uploads\/2016\/04\/Numana-2106-gallery-3.jpg\" alt=\"\" class=\"wp-image-2758\"\/><\/a><\/figure>\n\n\n\n<figure class=\"wp-block-image size-large\"><a href=\"http:\/\/dev.conero.it\/assets\/uploads\/2016\/04\/Numana-2106-gallery-6.jpg\"><img decoding=\"async\" loading=\"lazy\" width=\"1200\" height=\"900\" data-id=\"2759\"  src=\"http:\/\/dev.conero.it\/assets\/uploads\/2016\/04\/Numana-2106-gallery-6.jpg\" alt=\"\" class=\"wp-image-2759\"\/><\/a><\/figure>\n\n\n\n<figure class=\"wp-block-image size-large\"><a href=\"http:\/\/dev.conero.it\/assets\/uploads\/2016\/04\/Numana-2106-gallery-7.jpg\"><img decoding=\"async\" loading=\"lazy\" width=\"1200\" height=\"900\" data-id=\"2760\"  src=\"http:\/\/dev.conero.it\/assets\/uploads\/2016\/04\/Numana-2106-gallery-7.jpg\" alt=\"\" class=\"wp-image-2760\"\/><\/a><\/figure>\n\n\n\n<figure class=\"wp-block-image size-large\"><a href=\"http:\/\/dev.conero.it\/assets\/uploads\/2016\/04\/Numana-2106-Gallery-8.jpg\"><img decoding=\"async\" loading=\"lazy\" width=\"1200\" height=\"900\" data-id=\"2761\"  src=\"http:\/\/dev.conero.it\/assets\/uploads\/2016\/04\/Numana-2106-Gallery-8.jpg\" alt=\"\" class=\"wp-image-2761\"\/><\/a><\/figure>\n\n\n\n<figure class=\"wp-block-image size-large\"><a href=\"http:\/\/dev.conero.it\/assets\/uploads\/2016\/04\/Numana-2106-Gallery-9.jpg\"><img decoding=\"async\" loading=\"lazy\" width=\"1200\" height=\"900\" data-id=\"2762\"  src=\"http:\/\/dev.conero.it\/assets\/uploads\/2016\/04\/Numana-2106-Gallery-9.jpg\" alt=\"\" class=\"wp-image-2762\"\/><\/a><\/figure>\n\n\n\n<figure class=\"wp-block-image size-large\"><a href=\"http:\/\/dev.conero.it\/assets\/uploads\/2016\/04\/Numana-2106-Gallery-10.jpg\"><img decoding=\"async\" loading=\"lazy\" width=\"1200\" height=\"900\" data-id=\"2763\"  src=\"http:\/\/dev.conero.it\/assets\/uploads\/2016\/04\/Numana-2106-Gallery-10.jpg\" alt=\"\" class=\"wp-image-2763\"\/><\/a><\/figure>\n\n\n\n<figure class=\"wp-block-image size-large\"><a href=\"http:\/\/dev.conero.it\/assets\/uploads\/2016\/04\/Numana-2106-Gallery-11.jpg\"><img decoding=\"async\" loading=\"lazy\" width=\"1200\" height=\"900\" data-id=\"2764\"  src=\"http:\/\/dev.conero.it\/assets\/uploads\/2016\/04\/Numana-2106-Gallery-11.jpg\" alt=\"\" class=\"wp-image-2764\"\/><\/a><\/figure>\n\n\n\n<figure class=\"wp-block-image size-large\"><a href=\"http:\/\/dev.conero.it\/assets\/uploads\/2016\/04\/Numana-2106-Gallery-9-1.jpg\"><img decoding=\"async\" loading=\"lazy\" width=\"1200\" height=\"900\" data-id=\"2765\"  src=\"http:\/\/dev.conero.it\/assets\/uploads\/2016\/04\/Numana-2106-Gallery-9-1.jpg\" alt=\"\" class=\"wp-image-2765\"\/><\/a><\/figure>\n\n\n\n<figure class=\"wp-block-image size-large\"><a href=\"http:\/\/dev.conero.it\/assets\/uploads\/2016\/04\/Numana-2106-Gallery-10-1.jpg\"><img decoding=\"async\" loading=\"lazy\" width=\"1200\" height=\"900\" data-id=\"2766\"  src=\"http:\/\/dev.conero.it\/assets\/uploads\/2016\/04\/Numana-2106-Gallery-10-1.jpg\" alt=\"\" class=\"wp-image-2766\"\/><\/a><\/figure>\n\n\n\n<figure class=\"wp-block-image size-large\"><a href=\"http:\/\/dev.conero.it\/assets\/uploads\/2016\/04\/Numana-2106-Gallery-12.jpg\"><img decoding=\"async\" loading=\"lazy\" width=\"1200\" height=\"900\" data-id=\"2768\"  src=\"http:\/\/dev.conero.it\/assets\/uploads\/2016\/04\/Numana-2106-Gallery-12.jpg\" alt=\"\" class=\"wp-image-2768\"\/><\/a><\/figure>\n\n\n\n<figure class=\"wp-block-image size-large\"><a href=\"http:\/\/dev.conero.it\/assets\/uploads\/2016\/04\/Numana-2106-Gallery-13.jpg\"><img decoding=\"async\" loading=\"lazy\" width=\"1200\" height=\"514\" data-id=\"2769\"  src=\"http:\/\/dev.conero.it\/assets\/uploads\/2016\/04\/Numana-2106-Gallery-13.jpg\" alt=\"\" class=\"wp-image-2769\"\/><\/a><\/figure>\n\n\n\n<figure class=\"wp-block-image size-large\"><a href=\"http:\/\/dev.conero.it\/assets\/uploads\/2016\/04\/Numana-2106-gallery-2.jpg\"><img decoding=\"async\" loading=\"lazy\" width=\"1200\" height=\"900\" data-id=\"2757\"  src=\"http:\/\/dev.conero.it\/assets\/uploads\/2016\/04\/Numana-2106-gallery-2.jpg\" alt=\"\" class=\"wp-image-2757\"\/><\/a><\/figure>\n<\/figure>\n\n\n\n<p>Numana \u00e8 una localit\u00e0 di sicuro rifugio per godere una vacanza rilassante e divertente, in uno scenario da sogno.<br>Bandiera Blu d&#8217;Europa<\/p>\n\n\n\n<figure class=\"wp-block-image size-large\"><a href=\"http:\/\/dev.conero.it\/assets\/uploads\/2016\/04\/Numana-2106-Gallery-13.jpg\"><img decoding=\"async\" loading=\"lazy\" width=\"1200\" height=\"514\" src=\"http:\/\/dev.conero.it\/assets\/uploads\/2016\/04\/Numana-2106-Gallery-13.jpg\" alt=\"\" class=\"wp-image-2769\"\/><\/a><\/figure>\n\n\n\n<h2>Tra natura e paesaggio<\/h2>\n\n\n\n<p>Situata all&#8217;interno del Parco del C\u00f2nero, Numana si divide in una parte Alta, sul pendio della collina, e una Bassa, lungo il porto e l&#8217;arenile. Il litorale ha conseguito l&#8217;ambito riconoscimento di Bandiera Blu per pulizia e vivibilit\u00e0 delle sue spiagge. Ha duplice conformazione: a nord del porticciolo presenta una costa a falesia, con spiagge nascoste tra insenature; a sud, fino a Marcelli, una larga spiaggia di ghiaia fine, pi\u00f9 facilmente accessibile. Dai giardini \u00e8 possibile godere di un notevole panorama su tutto il litorale, cos\u00ec come dalla terrazza della torre. Alle spalle della citt\u00e0 si aprono i campi coltivati e la boscaglia mediterranea. Il monte C\u00f2nero sullo sfondo f\u00e0 da suggestiva cornice al diversificato.<\/p>\n\n\n\n<figure class=\"is-layout-flex wp-block-gallery-3 wp-block-gallery aligncenter has-nested-images columns-default is-cropped\">\n<figure class=\"wp-block-image size-large\"><img decoding=\"async\" loading=\"lazy\" width=\"465\" height=\"349\" data-id=\"2754\"  src=\"http:\/\/dev.conero.it\/assets\/uploads\/2016\/04\/Numana-2106-gallery-2-b.jpg\" alt=\"Numana-2106-gallery-2-b\" class=\"wp-image-2754\"\/><\/figure>\n\n\n\n<figure class=\"wp-block-image size-large\"><img decoding=\"async\" loading=\"lazy\" width=\"465\" height=\"349\" data-id=\"2755\"  src=\"http:\/\/dev.conero.it\/assets\/uploads\/2016\/04\/Numana-2106-Scheda-6.jpg\" alt=\"Numana-2106-Scheda-6\" class=\"wp-image-2755\"\/><\/figure>\n<\/figure>\n\n\n\n<h2>Un pizzico di storia e di arte<\/h2>\n\n\n<div class=\"wp-block-image\">\n<figure class=\"alignleft size-large is-resized\"><a href=\"http:\/\/dev.conero.it\/assets\/uploads\/2016\/04\/Numana-2106-Gallery-8.jpg\"><img decoding=\"async\" loading=\"lazy\" src=\"http:\/\/dev.conero.it\/assets\/uploads\/2016\/04\/Numana-2106-Gallery-8.jpg\" alt=\"\" class=\"wp-image-2761\" width=\"411\" height=\"307\"\/><\/a><\/figure><\/div>\n\n\n<p>Antico porto piceno rifondato dai siracusani, dal V sec. a. C. Numana \u00e8 inclusa nelle rotte ateniesi: diviene cos\u00ec famoso emporio e centro di smistamento delle merci greche verso l&#8217;interno e il medio adriatico. Colonia e poi municipium romano, nel medioevo decade progressivamente in seguito a terremoti e saccheggi. Nel 1532 \u00e8 sotto il Governo dei Vescovi di Ancona. Negli ultimi anni, da umile villaggio di pescatori si \u00e8 trasformata in una modernissima citt\u00e0 turistica, pur mantenendo un buon equilibrio con il centro storico. Il porticciolo turistico \u00e8 oggi attrezzato per la fonda ed il rimessaggio di numerose imbarcazioni da diporto. Testimonianze della civilt\u00e0 picena sono conservate nel Museo Archeologico di Ancona e nell&#8217;Antiquarium di Numana, al momento aperto solo in parte. Idee simbolo della citt\u00e0 sono la Torre, arco dalle origini ancora sconosciute, e la Costarella, vicolo popolare e caratteristico che d&#8217;estate si traforma in un palcoscenico naturale per mostre pittoriche. Notevole \u00e8 anche il Crocifisso ligneo romanico conservati nell&#8217;omonimo santuario.<\/p>\n\n\n\n<p><\/p>\n","protected":false},"excerpt":{"rendered":"<p>Situata all&#8217;interno del Parco del Conero, Numana \u00e8 la localit\u00e0 ideale per godersi una vacanza rilassante, in uno scenario da sogno.<\/p>\n","protected":false},"author":1,"featured_media":0,"parent":1607,"menu_order":0,"comment_status":"closed","ping_status":"closed","template":"page-localita.php","meta":[],"yoast_head":"<!-- This site is optimized with the Yoast SEO plugin v20.3 - https:\/\/yoast.com\/wordpress\/plugins\/seo\/ -->\n<title>NUMANA, la signora della Riviera del Conero - Conero.it<\/title>\n<meta name=\"description\" content=\"Situata all&#039;interno del Parco del Conero, Numana \u00e8 la localit\u00e0 ideale per godersi una vacanza rilassante, in uno scenario da sogno.\" \/>\n<meta name=\"robots\" content=\"index, follow, max-snippet:-1, max-image-preview:large, max-video-preview:-1\" \/>\n<link rel=\"canonical\" href=\"http:\/\/dev.conero.it\/it\/localita\/numana-la-signora-della-riviera-del-conero\/\" \/>\n<meta property=\"og:locale\" content=\"it_IT\" \/>\n<meta property=\"og:type\" content=\"article\" \/>\n<meta property=\"og:title\" content=\"NUMANA, la signora della Riviera del Conero - Conero.it\" \/>\n<meta property=\"og:description\" content=\"Situata all&#039;interno del Parco del Conero, Numana \u00e8 la localit\u00e0 ideale per godersi una vacanza rilassante, in uno scenario da sogno.\" \/>\n<meta property=\"og:url\" content=\"http:\/\/dev.conero.it\/it\/localita\/numana-la-signora-della-riviera-del-conero\/\" \/>\n<meta property=\"og:site_name\" content=\"Conero.it\" \/>\n<meta property=\"article:modified_time\" content=\"2023-03-01T13:37:50+00:00\" \/>\n<meta property=\"og:image\" content=\"http:\/\/dev.conero.it\/assets\/uploads\/2016\/04\/Numana-2106-gallery1-b.jpg\" \/>\n<script type=\"application\/ld+json\" class=\"yoast-schema-graph\">{\"@context\":\"https:\/\/schema.org\",\"@graph\":[{\"@type\":\"WebPage\",\"@id\":\"http:\/\/dev.conero.it\/it\/localita\/numana-la-signora-della-riviera-del-conero\/\",\"url\":\"http:\/\/dev.conero.it\/it\/localita\/numana-la-signora-della-riviera-del-conero\/\",\"name\":\"NUMANA, la signora della Riviera del Conero - Conero.it\",\"isPartOf\":{\"@id\":\"http:\/\/dev.conero.it\/it\/#website\"},\"datePublished\":\"2016-04-11T18:31:00+00:00\",\"dateModified\":\"2023-03-01T13:37:50+00:00\",\"description\":\"Situata all'interno del Parco del Conero, Numana \u00e8 la localit\u00e0 ideale per godersi una vacanza rilassante, in uno scenario da sogno.\",\"breadcrumb\":{\"@id\":\"http:\/\/dev.conero.it\/it\/localita\/numana-la-signora-della-riviera-del-conero\/#breadcrumb\"},\"inLanguage\":\"it-IT\",\"potentialAction\":[{\"@type\":\"ReadAction\",\"target\":[\"http:\/\/dev.conero.it\/it\/localita\/numana-la-signora-della-riviera-del-conero\/\"]}]},{\"@type\":\"BreadcrumbList\",\"@id\":\"http:\/\/dev.conero.it\/it\/localita\/numana-la-signora-della-riviera-del-conero\/#breadcrumb\",\"itemListElement\":[{\"@type\":\"ListItem\",\"position\":1,\"name\":\"Home\",\"item\":\"http:\/\/dev.conero.it\/it\/\"},{\"@type\":\"ListItem\",\"position\":2,\"name\":\"Localit\u00e0\",\"item\":\"http:\/\/dev.conero.it\/it\/localita\/\"},{\"@type\":\"ListItem\",\"position\":3,\"name\":\"NUMANA, la signora della Riviera del Conero\"}]},{\"@type\":\"WebSite\",\"@id\":\"http:\/\/dev.conero.it\/it\/#website\",\"url\":\"http:\/\/dev.conero.it\/it\/\",\"name\":\"Conero.it\",\"description\":\"Informazioni e servizi turistici per la riviera del Conero: Sirolo, Numana, Portonovo, Marcelli, Ancona - Conero.it\",\"potentialAction\":[{\"@type\":\"SearchAction\",\"target\":{\"@type\":\"EntryPoint\",\"urlTemplate\":\"http:\/\/dev.conero.it\/it\/?s={search_term_string}\"},\"query-input\":\"required name=search_term_string\"}],\"inLanguage\":\"it-IT\"}]}<\/script>\n<!-- \/ Yoast SEO plugin. -->","yoast_head_json":{"title":"NUMANA, la signora della Riviera del Conero - Conero.it","description":"Situata all'interno del Parco del Conero, Numana \u00e8 la localit\u00e0 ideale per godersi una vacanza rilassante, in uno scenario da sogno.","robots":{"index":"index","follow":"follow","max-snippet":"max-snippet:-1","max-image-preview":"max-image-preview:large","max-video-preview":"max-video-preview:-1"},"canonical":"http:\/\/dev.conero.it\/it\/localita\/numana-la-signora-della-riviera-del-conero\/","og_locale":"it_IT","og_type":"article","og_title":"NUMANA, la signora della Riviera del Conero - Conero.it","og_description":"Situata all'interno del Parco del Conero, Numana \u00e8 la localit\u00e0 ideale per godersi una vacanza rilassante, in uno scenario da sogno.","og_url":"http:\/\/dev.conero.it\/it\/localita\/numana-la-signora-della-riviera-del-conero\/","og_site_name":"Conero.it","article_modified_time":"2023-03-01T13:37:50+00:00","og_image":[{"url":"http:\/\/dev.conero.it\/assets\/uploads\/2016\/04\/Numana-2106-gallery1-b.jpg"}],"schema":{"@context":"https:\/\/schema.org","@graph":[{"@type":"WebPage","@id":"http:\/\/dev.conero.it\/it\/localita\/numana-la-signora-della-riviera-del-conero\/","url":"http:\/\/dev.conero.it\/it\/localita\/numana-la-signora-della-riviera-del-conero\/","name":"NUMANA, la signora della Riviera del Conero - Conero.it","isPartOf":{"@id":"http:\/\/dev.conero.it\/it\/#website"},"datePublished":"2016-04-11T18:31:00+00:00","dateModified":"2023-03-01T13:37:50+00:00","description":"Situata all'interno del Parco del Conero, Numana \u00e8 la localit\u00e0 ideale per godersi una vacanza rilassante, in uno scenario da sogno.","breadcrumb":{"@id":"http:\/\/dev.conero.it\/it\/localita\/numana-la-signora-della-riviera-del-conero\/#breadcrumb"},"inLanguage":"it-IT","potentialAction":[{"@type":"ReadAction","target":["http:\/\/dev.conero.it\/it\/localita\/numana-la-signora-della-riviera-del-conero\/"]}]},{"@type":"BreadcrumbList","@id":"http:\/\/dev.conero.it\/it\/localita\/numana-la-signora-della-riviera-del-conero\/#breadcrumb","itemListElement":[{"@type":"ListItem","position":1,"name":"Home","item":"http:\/\/dev.conero.it\/it\/"},{"@type":"ListItem","position":2,"name":"Localit\u00e0","item":"http:\/\/dev.conero.it\/it\/localita\/"},{"@type":"ListItem","position":3,"name":"NUMANA, la signora della Riviera del Conero"}]},{"@type":"WebSite","@id":"http:\/\/dev.conero.it\/it\/#website","url":"http:\/\/dev.conero.it\/it\/","name":"Conero.it","description":"Informazioni e servizi turistici per la riviera del Conero: Sirolo, Numana, Portonovo, Marcelli, Ancona - Conero.it","potentialAction":[{"@type":"SearchAction","target":{"@type":"EntryPoint","urlTemplate":"http:\/\/dev.conero.it\/it\/?s={search_term_string}"},"query-input":"required name=search_term_string"}],"inLanguage":"it-IT"}]}},"_links":{"self":[{"href":"http:\/\/dev.conero.it\/it\/wp-json\/wp\/v2\/pages\/1421"}],"collection":[{"href":"http:\/\/dev.conero.it\/it\/wp-json\/wp\/v2\/pages"}],"about":[{"href":"http:\/\/dev.conero.it\/it\/wp-json\/wp\/v2\/types\/page"}],"author":[{"embeddable":true,"href":"http:\/\/dev.conero.it\/it\/wp-json\/wp\/v2\/users\/1"}],"replies":[{"embeddable":true,"href":"http:\/\/dev.conero.it\/it\/wp-json\/wp\/v2\/comments?post=1421"}],"version-history":[{"count":1,"href":"http:\/\/dev.conero.it\/it\/wp-json\/wp\/v2\/pages\/1421\/revisions"}],"predecessor-version":[{"id":9618,"href":"http:\/\/dev.conero.it\/it\/wp-json\/wp\/v2\/pages\/1421\/revisions\/9618"}],"up":[{"embeddable":true,"href":"http:\/\/dev.conero.it\/it\/wp-json\/wp\/v2\/pages\/1607"}],"wp:attachment":[{"href":"http:\/\/dev.conero.it\/it\/wp-json\/wp\/v2\/media?parent=1421"}],"curies":[{"name":"wp","href":"https:\/\/api.w.org\/{rel}","templated":true}]}}